{"id":4819,"date":"2025-07-03T09:42:15","date_gmt":"2025-07-03T07:42:15","guid":{"rendered":"https:\/\/test.unestalacademy.se\/?post_type=product&#038;p=4819"},"modified":"2026-01-07T07:20:23","modified_gmt":"2026-01-07T05:20:23","slug":"mental-styrketraning-kopia","status":"publish","type":"product","link":"https:\/\/test.unestalacademy.se\/en\/product\/mental-styrketraning-kopia\/","title":{"rendered":"Mental strength training (copy)"},"content":{"rendered":"<p>An 8-week training programme for attitude and quality of life training<\/p>\n<p><strong>Phase 5. Concentration training<\/strong><\/p>\n<p>Programme 1. Meditation \u2013 1 week<\/p>\n<p>Programme 2. Trigger concentration \u2013 1 week<\/p>\n<p><strong>Phase 6. Mental toughness training<\/strong><\/p>\n<p>Programme 3. Disturbance training \u2013 1 week<\/p>\n<p>Programme 4. Attitude training \u2013 1 week<\/p>\n<p><strong>Phase 7. Quality of life training<\/strong><\/p>\n<p>Programme 5. Sports quality \u2013 1 week<\/p>\n<p>Programme 6. Optimism \u2013 1.5 weeks<\/p>\n<p>Programme 7. Sports and joie de vivre \u2013 1.5 weeks<\/p>\n<p><strong>Concentration training<\/strong><\/p>\n<p>Here you have the opportunity to practise three different aspects of concentration.<\/p>\n<ul>\n<li>Maintaining concentration for a longer period of time (programme 1 \u2013 Meditation)<\/li>\n<li>Disconnecting from things that disrupt concentration (programme 3 \u2013 Distraction training)<\/li>\n<\/ul>\n<p>2. Quickly becoming focused (programme 2 \u2013 Trigger concentration)<\/p>\n<p><strong>Meditation<\/strong> (Programme 1)<\/p>\n<p>Can be seen as passive concentration on a word, a sound, an object or a process (e.g. physical) for a certain period of time. Through this training, you learn both concentration and effective rest.<\/p>\n<p><strong>Trigger concentration<\/strong> (Programme 2)<\/p>\n<p>This means that you \u201dconnect\u201d two things in your brain: the trigger you have chosen and a previous experience of total concentration. Before you start training, you should decide what your trigger or triggers will be, if you want to have more than one.<\/p>\n<p><strong>Mental toughness training<\/strong><\/p>\n<p>Mental toughness includes the ability to remain unaffected by disturbances and stress, and to reduce or eliminate fear of problems and difficulties in the present and future. As mental toughness increases, anxiety and fear decrease. This allows problems to be transformed into challenges and tasks to be tackled. Mistakes become important learning opportunities, and one looks forward to facing tough tasks that allow one to grow and become stronger.<\/p>\n<p><strong>Interference training<\/strong> (Programme 3)<\/p>\n<p>This is both a continuation of concentration training and an introduction to toughness training. Here you will learn to either ignore distractions or remove the emotional component from the distractions.<\/p>\n<p><strong>Attitude training <\/strong>(Programme 4)<\/p>\n<p>This involves changing the automated interpretation mechanism that causes two people to perceive the same situation so differently. By learning to interpret what is happening in a more positive way, the conditions for better performance (self-fulfilling prophecies) and a better inner climate are increased.<\/p>\n<p><strong>Quality of life training<\/strong>\u00a0increasingly, personal qualities. The quality of our way of thinking, reacting and acting. This also includes quality training in sport and a qualitative prioritisation of life tasks. This should also include an attitude of quality (optimism) and a quality in our inner climate (joy, enjoyment).<\/p>\n<p><strong>Sports quality<\/strong> (Programme 5)<\/p>\n<p>Sports quality is about both the quality of training (learning models, etc.) and having more qualitative aspects in competition situations. This also includes becoming a good model and role model for young followers.<\/p>\n<p><strong>Optimism<\/strong> (Programme 6)<\/p>\n<p>Research in recent years has shown that optimism plays a key role in creating a better life. Optimistic people perform better in sports, studies, work, etc. They also enjoy better health and feel better.<\/p>\n<p><strong>Sports and joie de vivre <\/strong>(Programme 7)<\/p>\n<p>Sports and joy of life are related to the fourth and final \u201dSMAK\u201d factor: \u201dfeeling\u201d or \u201dinner climate.\u201d Joy should not be passively awaited but rather created. Don't wait for something to make you happy (good performance, a \u201dgood\u201d life), but first create inner joy and then let it help you achieve better performance and a better life.<\/p>\n<p>&nbsp;<\/p>","protected":false},"excerpt":{"rendered":"<p>Ett 8 veckors tr\u00e4ningsprogram f\u00f6r attityd- och livskvalitetstr\u00e4ning Fas 5. Koncentrationstr\u00e4ning Program 1. Meditation \u2013 1 vecka Program 2. Triggerkoncentration \u2013 1 vecka Fas 6. Mental tuffhetstr\u00e4ning Program 3. St\u00f6rningstr\u00e4ning \u2013 1 vecka Program 4. Attitydtr\u00e4ning \u2013 1 vecka Fas 7. Livskvalitettr\u00e4ning Program 5. Idrottskvalitet \u2013 1 vecka Program 6. Optimism \u2013 1,5 vecka Program [&hellip;]<\/p>\n","protected":false},"featured_media":123,"template":"","meta":{"slim_seo":{"title":"Mental styrketr\u00e4ning (kopia) - Mental Tr\u00e4ning - Unest\u00e5l","description":"Ett 8 veckors tr\u00e4ningsprogram f\u00f6r attityd- och livskvalitetstr\u00e4ning Fas 5. Koncentrationstr\u00e4ning Program 1. Meditation \u2013 1 vecka Program 2. Triggerkoncentration"},"iawp_total_views":2},"product_brand":[],"product_cat":[173],"product_tag":[],"class_list":{"0":"post-4819","1":"product","2":"type-product","3":"status-publish","4":"has-post-thumbnail","6":"product_cat-pumt-deltagare","8":"first","9":"instock","10":"downloadable","11":"taxable","12":"shipping-taxable","13":"purchasable","14":"product-type-simple"},"_links":{"self":[{"href":"https:\/\/test.unestalacademy.se\/en\/wp-json\/wp\/v2\/product\/4819","targetHints":{"allow":["GET"]}}],"collection":[{"href":"https:\/\/test.unestalacademy.se\/en\/wp-json\/wp\/v2\/product"}],"about":[{"href":"https:\/\/test.unestalacademy.se\/en\/wp-json\/wp\/v2\/types\/product"}],"wp:featuredmedia":[{"embeddable":true,"href":"https:\/\/test.unestalacademy.se\/en\/wp-json\/wp\/v2\/media\/123"}],"wp:attachment":[{"href":"https:\/\/test.unestalacademy.se\/en\/wp-json\/wp\/v2\/media?parent=4819"}],"wp:term":[{"taxonomy":"product_brand","embeddable":true,"href":"https:\/\/test.unestalacademy.se\/en\/wp-json\/wp\/v2\/product_brand?post=4819"},{"taxonomy":"product_cat","embeddable":true,"href":"https:\/\/test.unestalacademy.se\/en\/wp-json\/wp\/v2\/product_cat?post=4819"},{"taxonomy":"product_tag","embeddable":true,"href":"https:\/\/test.unestalacademy.se\/en\/wp-json\/wp\/v2\/product_tag?post=4819"}],"curies":[{"name":"wp","href":"https:\/\/api.w.org\/{rel}","templated":true}]}}