{"id":4406,"date":"2025-03-07T11:04:02","date_gmt":"2025-03-07T09:04:02","guid":{"rendered":"https:\/\/test.unestalacademy.se\/?post_type=product&#038;p=4406"},"modified":"2026-01-07T07:20:23","modified_gmt":"2026-01-07T05:20:23","slug":"nlp-master-mental-traning","status":"publish","type":"product","link":"https:\/\/test.unestalacademy.se\/en\/product\/nlp-master-mental-traning\/","title":{"rendered":"NLP Master mental training"},"content":{"rendered":"","protected":false},"excerpt":{"rendered":"","protected":false},"featured_media":4393,"template":"","meta":{"slim_seo":{"title":"NLP Master mental tr\u00e4ning - Mental Tr\u00e4ning - Unest\u00e5l","description":""},"iawp_total_views":4},"product_brand":[],"product_cat":[161],"product_tag":[],"class_list":{"0":"post-4406","1":"product","2":"type-product","3":"status-publish","4":"has-post-thumbnail","6":"product_cat-hidden","8":"first","9":"instock","10":"downloadable","11":"taxable","12":"shipping-taxable","13":"purchasable","14":"product-type-simple"},"_links":{"self":[{"href":"https:\/\/test.unestalacademy.se\/en\/wp-json\/wp\/v2\/product\/4406","targetHints":{"allow":["GET"]}}],"collection":[{"href":"https:\/\/test.unestalacademy.se\/en\/wp-json\/wp\/v2\/product"}],"about":[{"href":"https:\/\/test.unestalacademy.se\/en\/wp-json\/wp\/v2\/types\/product"}],"wp:featuredmedia":[{"embeddable":true,"href":"https:\/\/test.unestalacademy.se\/en\/wp-json\/wp\/v2\/media\/4393"}],"wp:attachment":[{"href":"https:\/\/test.unestalacademy.se\/en\/wp-json\/wp\/v2\/media?parent=4406"}],"wp:term":[{"taxonomy":"product_brand","embeddable":true,"href":"https:\/\/test.unestalacademy.se\/en\/wp-json\/wp\/v2\/product_brand?post=4406"},{"taxonomy":"product_cat","embeddable":true,"href":"https:\/\/test.unestalacademy.se\/en\/wp-json\/wp\/v2\/product_cat?post=4406"},{"taxonomy":"product_tag","embeddable":true,"href":"https:\/\/test.unestalacademy.se\/en\/wp-json\/wp\/v2\/product_tag?post=4406"}],"curies":[{"name":"wp","href":"https:\/\/api.w.org\/{rel}","templated":true}]}}