{"id":3771,"date":"2024-12-10T13:18:57","date_gmt":"2024-12-10T11:18:57","guid":{"rendered":"https:\/\/test.unestalacademy.se\/?post_type=product&#038;p=3771"},"modified":"2026-01-07T07:20:23","modified_gmt":"2026-01-07T05:20:23","slug":"humor-gladje-kopia","status":"publish","type":"product","link":"https:\/\/test.unestalacademy.se\/en\/product\/humor-gladje-kopia\/","title":{"rendered":"Humour &amp; joy (copy)"},"content":{"rendered":"<p>&nbsp;<\/p>\n<p class=\"MsoNormal\" style=\"margin: 0cm 0cm 0pt;\"><strong><span style=\"line-height: 115%; font-size: 14pt;\"><span style=\"font-family: Calibri;\">Humour and joy<\/span><\/span><\/strong><\/p>\n<p>&nbsp;<\/p>\n<p>&nbsp;<\/p>\n<p class=\"MsoNormal\" style=\"margin: 0cm 0cm 0pt;\"><strong><span style=\"line-height: 115%; font-size: 12pt;\"><span style=\"font-family: Calibri;\">INTRODUCTION<\/span><\/span><\/strong><\/p>\n<p>&nbsp;<\/p>\n<p>&nbsp;<\/p>\n<p class=\"MsoNormal\" style=\"margin: 0cm 0cm 0pt;\"><span style=\"line-height: 115%; font-size: 12pt;\"><span style=\"font-family: Calibri;\">Most people have always known that humour, laughter and joy help us to function better and feel better. It is only through recent research that this has been scientifically proven.<\/span><\/span><\/p>\n<p>&nbsp;<\/p>\n<p>&nbsp;<\/p>\n<p>&nbsp;<\/p>\n<p class=\"MsoNormal\" style=\"margin: 0cm 0cm 0pt;\"><span style=\"line-height: 115%; font-size: 12pt;\"><span style=\"font-family: Calibri;\">Laughter \u2013 \u201dinner jogging\u201d \u2013 not only provides effective relaxation, it is also the \u201dshortest distance between two people\u201d and the cheapest. Sometimes it is the very best medicine.<\/span><\/span><\/p>\n<p>&nbsp;<\/p>\n<p>&nbsp;<\/p>\n<p class=\"MsoNormal\" style=\"margin: 0cm 0cm 0pt;\"><span style=\"line-height: 115%; font-size: 12pt;\"><span style=\"font-family: Calibri;\">This humorous attitude gives me some much-needed distance from myself and my problems, which makes it easier to find creative solutions. Experiencing more satisfaction, harmony, and joy is a primary goal for most people.<\/span><\/span><\/p>\n<p>&nbsp;<\/p>\n<p>&nbsp;<\/p>\n<p class=\"MsoNormal\" style=\"margin: 0cm 0cm 0pt;\"><span style=\"line-height: 115%; font-size: 12pt;\"><span style=\"font-family: Calibri;\">Integrated mental training includes a fundamental philosophy that life is a \u201ddo-it-yourself project\u201d and that we ourselves largely determine our future and the type of person we will become.<\/span><\/span><\/p>\n<p>&nbsp;<\/p>\n<p>&nbsp;<\/p>\n<p>&nbsp;<\/p>\n<p class=\"MsoNormal\" style=\"margin: 0cm 0cm 0pt;\"><span style=\"line-height: 115%; font-size: 12pt;\"><span style=\"font-family: Calibri;\">Mental training involves systematic, regular and long-term training to realise this philosophy. In order to better use humour, laughter and joy for both personal development and problem solving, it is important to take the time to train in these areas as well. This training programme with five audio tracks is therefore available to help you.<\/span><\/span><\/p>\n<p>&nbsp;<\/p>\n<p>&nbsp;<\/p>\n<p>&nbsp;<\/p>\n<p class=\"MsoNormal\" style=\"margin: 0cm 0cm 0pt;\"><strong><span style=\"line-height: 115%; font-size: 12pt;\"><span style=\"font-family: Calibri;\">PROGRAMME 1: PEACE AND JOY<\/span><\/span><\/strong><\/p>\n<p>&nbsp;<\/p>\n<p class=\"MsoNormal\" style=\"margin: 0cm 0cm 0pt;\"><span style=\"line-height: 115%; font-size: 12pt;\"><span style=\"font-family: Calibri;\">The programme provides two posthypnotic suggestions (which take effect after \u201dwaking up\u201d) about calmness and joy. The intention is to maintain a pleasant and comfortable feeling of calmness and joy after the programme.<\/span><\/span><\/p>\n<p>&nbsp;<\/p>\n<p>&nbsp;<\/p>\n<p class=\"MsoNormal\" style=\"margin: 0cm 0cm 0pt;\"><strong><span style=\"line-height: 115%; font-size: 12pt;\"><span style=\"font-family: Calibri;\">PROGRAMME 2: THE SPARKLE IN THE CORNER OF THE EYE<\/span><\/span><\/strong><\/p>\n<p>&nbsp;<\/p>\n<p class=\"MsoNormal\" style=\"margin: 0cm 0cm 0pt;\"><span style=\"line-height: 115%; font-size: 12pt;\"><span style=\"font-family: Calibri;\">The programme deals with the humorous attitude. By learning to interpret \u201dreality\u201d in a more humorous way, one can achieve a distance from oneself and from life, where negative feelings and reactions become increasingly rare.<\/span><\/span><\/p>\n<p>&nbsp;<\/p>\n<p>&nbsp;<\/p>\n<p>&nbsp;<\/p>\n<p class=\"MsoNormal\" style=\"margin: 0cm 0cm 0pt;\"><strong><span style=\"line-height: 115%; font-size: 12pt;\"><span style=\"font-family: Calibri;\">PROGRAMME 3: HUMOUR AND CREATIVITY<\/span><\/span><\/strong><\/p>\n<p>&nbsp;<\/p>\n<p class=\"MsoNormal\" style=\"margin: 0cm 0cm 0pt;\"><span style=\"line-height: 115%; font-size: 12pt;\"><span style=\"font-family: Calibri;\">The programme is based on the distance created by humour, but in this programme it is applied to problem solving. You will practise brainstorming, i.e. you will be encouraged to think freely and make associations.<\/span><\/span><\/p>\n<p>&nbsp;<\/p>\n<p>&nbsp;<\/p>\n<p>&nbsp;<\/p>\n<p>&nbsp;<\/p>\n<p class=\"MsoNormal\" style=\"margin: 0cm 0cm 0pt;\"><strong><span style=\"line-height: 115%; font-size: 12pt;\"><span style=\"font-family: Calibri;\">PROGRAMME 4: INCREASED JOY<\/span><\/span><\/strong><\/p>\n<p>&nbsp;<\/p>\n<p class=\"MsoNormal\" style=\"margin: 0cm 0cm 0pt;\"><span style=\"line-height: 115%; font-size: 12pt;\"><span style=\"font-family: Calibri;\">The programme is based on the same technique that athletes can use before competitions, i.e. in a relaxed state, \u201dcapturing\u201d positive feelings experienced previously and then connecting these feelings to the present and the future.<\/span><\/span><\/p>\n<p>&nbsp;<\/p>\n<p>&nbsp;<\/p>\n<p class=\"MsoNormal\" style=\"margin: 0cm 0cm 0pt;\"><strong><span style=\"line-height: 115%; font-size: 12pt;\"><span style=\"font-family: Calibri;\">PROGRAMME 5: THE WORLD OF LAUGHTER<\/span><\/span><\/strong><\/p>\n<p>&nbsp;<\/p>\n<p class=\"MsoNormal\" style=\"margin: 0cm 0cm 0pt;\"><span style=\"line-height: 115%; font-size: 12pt;\"><span style=\"font-family: Calibri;\">In the last programme, you have the opportunity to experience \u201dinner jogging\u201d, i.e. the liberating feeling that comes from laughing heartily and for a long time, and the deep relaxation that follows. The effect can be enhanced by listening together with others. You can decide for yourself how many times you want to listen to each programme. However, keep in mind that our usual ways of thinking, feeling and acting have become automatic over many years. Therefore, you should expect that it may take a few months of regular training before you become a happier and more optimistic person who feels better.<\/span><\/span><\/p>\n<p>&nbsp;<\/p>\n<p>&nbsp;<\/p>","protected":false},"excerpt":{"rendered":"<p>&nbsp; Humor och gl\u00e4dje &nbsp; &nbsp; INTRODUKTION &nbsp; &nbsp; De flesta m\u00e4nniskor har alltid vetat att humor, skratt och gl\u00e4dje hj\u00e4lper oss att b\u00e5de fungera b\u00e4ttre och att m\u00e5 b\u00e4ttre. Det \u00e4r f\u00f6rst genom de sista \u00e5rens forskning som det \u00e4r vetenskapligt bevisat. &nbsp; &nbsp; &nbsp; Skrattet \u2013 \u201dden inre joggingen\u201d ger inte bara en [&hellip;]<\/p>\n","protected":false},"featured_media":80,"template":"","meta":{"slim_seo":{"title":"Humor & gl\u00e4dje (kopia) - Mental Tr\u00e4ning - Unest\u00e5l","description":"&nbsp; Humor och gl\u00e4dje &nbsp; &nbsp; INTRODUKTION &nbsp; &nbsp; De flesta m\u00e4nniskor har alltid vetat att humor, skratt och gl\u00e4dje hj\u00e4lper oss att b\u00e5de fungera"},"iawp_total_views":45},"product_brand":[],"product_cat":[161,173],"product_tag":[],"class_list":{"0":"post-3771","1":"product","2":"type-product","3":"status-publish","4":"has-post-thumbnail","6":"product_cat-hidden","7":"product_cat-pumt-deltagare","9":"first","10":"instock","11":"downloadable","12":"taxable","13":"shipping-taxable","14":"purchasable","15":"product-type-simple"},"_links":{"self":[{"href":"https:\/\/test.unestalacademy.se\/en\/wp-json\/wp\/v2\/product\/3771","targetHints":{"allow":["GET"]}}],"collection":[{"href":"https:\/\/test.unestalacademy.se\/en\/wp-json\/wp\/v2\/product"}],"about":[{"href":"https:\/\/test.unestalacademy.se\/en\/wp-json\/wp\/v2\/types\/product"}],"wp:featuredmedia":[{"embeddable":true,"href":"https:\/\/test.unestalacademy.se\/en\/wp-json\/wp\/v2\/media\/80"}],"wp:attachment":[{"href":"https:\/\/test.unestalacademy.se\/en\/wp-json\/wp\/v2\/media?parent=3771"}],"wp:term":[{"taxonomy":"product_brand","embeddable":true,"href":"https:\/\/test.unestalacademy.se\/en\/wp-json\/wp\/v2\/product_brand?post=3771"},{"taxonomy":"product_cat","embeddable":true,"href":"https:\/\/test.unestalacademy.se\/en\/wp-json\/wp\/v2\/product_cat?post=3771"},{"taxonomy":"product_tag","embeddable":true,"href":"https:\/\/test.unestalacademy.se\/en\/wp-json\/wp\/v2\/product_tag?post=3771"}],"curies":[{"name":"wp","href":"https:\/\/api.w.org\/{rel}","templated":true}]}}