{"id":3770,"date":"2024-12-10T13:18:09","date_gmt":"2024-12-10T11:18:09","guid":{"rendered":"https:\/\/test.unestalacademy.se\/?post_type=product&#038;p=3770"},"modified":"2026-01-07T07:20:23","modified_gmt":"2026-01-07T05:20:23","slug":"personlig-insikt-traningsprogram-for-problemlosning-kreativitet-och-gladje-kopia","status":"publish","type":"product","link":"https:\/\/test.unestalacademy.se\/en\/product\/personlig-insikt-traningsprogram-for-problemlosning-kreativitet-och-gladje-kopia\/","title":{"rendered":"Personal insight: training programme for problem solving, creativity and joy (copy)"},"content":{"rendered":"<p><strong><span style=\"font-size: 18px;\">Personal Insight<\/span><\/strong><\/p>\n<p>Training programme for problem solving, creativity and joy<\/p>\n<p>The training programme consists of four audio tracks with the following titles:<\/p>\n<ul>\n<li>Distance from life<\/li>\n<li>My inner advisor<\/li>\n<li>Problem solving<\/li>\n<li>Creativity<\/li>\n<\/ul>\n<p><strong>1. Distance from life<\/strong><\/p>\n<p>The programme aims to initiate new and creative problem-solving by providing distance from life. The past becomes a resource that can be used for a better future.<\/p>\n<p><strong>2. My inner advisor<\/strong><\/p>\n<p>The solutions to almost all of our problems lie within ourselves. The parts of us that \u201dknow best\u201d are often difficult to access, especially in our \u201dnormal\u201d consciousness. In this programme, you will be introduced to your \u201dinner advisor\u201d.<\/p>\n<p><strong>3. Problem solving<\/strong><\/p>\n<p>During deep relaxation, we have easier and better access to past experiences. Positive feelings can therefore be evoked and then linked to the present and the future. This programme aims to increase the frequency of inner joy.<\/p>\n<p><strong>4. Creativity<\/strong><\/p>\n<p>This programme aims to teach you how to use sleep to increase creativity. As the programme transitions directly into sleep, you should only use it when falling asleep. Before lying down to listen and then sleep, you should have done the following:<\/p>\n<p><strong>1.<\/strong> You should have written down one or more problems that you want to work on during the night. These can be personal problems and\/or work problems, e.g. an invention you are working on (Edison used to make a long list before going to bed in his laboratory).<\/p>\n<p><strong>2.<\/strong> Make sure you have a pen and paper readily available by your bed. You could also have a tape recorder that you can quickly dictate something into during the night if you wake up with a good solution or creative idea.<\/p>\n<p><strong>About training<\/strong><\/p>\n<p>Practise each programme for a week (five times). Then continue with the programme that you find most beneficial.<\/p>\n<p>&nbsp;<\/p>\n<p>&nbsp;<\/p>\n<p>&nbsp;<\/p>","protected":false},"excerpt":{"rendered":"<p>Personlig Insikt Tr\u00e4ningsprogram f\u00f6r probleml\u00f6sning, kreativitet och gl\u00e4dje Tr\u00e4ningsprogrammet best\u00e5r av fyra ljudsp\u00e5r med f\u00f6ljande titlar: Distans till livet Min inre r\u00e5dgivare Problembearbetning Kreativitet 1. Distans till livet Programmet vill initiera nya och kreativa probleml\u00f6sningar genom att ge distans till livet. Det f\u00f6rflutna blir en resurs som kan anv\u00e4ndas f\u00f6r en b\u00e4ttre framtid. 2. Min [&hellip;]<\/p>\n","protected":false},"featured_media":186,"template":"","meta":{"slim_seo":{"title":"Personlig insikt : tr\u00e4ningsprogram f\u00f6r probleml\u00f6sning, kreativitet och gl\u00e4dje (kopia) - Mental Tr\u00e4ning - Unest\u00e5l","description":"Personlig Insikt Tr\u00e4ningsprogram f\u00f6r probleml\u00f6sning, kreativitet och gl\u00e4dje Tr\u00e4ningsprogrammet best\u00e5r av fyra ljudsp\u00e5r med f\u00f6ljande titlar: Distans till livet M"},"iawp_total_views":82},"product_brand":[],"product_cat":[161,173],"product_tag":[],"class_list":{"0":"post-3770","1":"product","2":"type-product","3":"status-publish","4":"has-post-thumbnail","6":"product_cat-hidden","7":"product_cat-pumt-deltagare","9":"first","10":"instock","11":"downloadable","12":"taxable","13":"shipping-taxable","14":"purchasable","15":"product-type-simple"},"_links":{"self":[{"href":"https:\/\/test.unestalacademy.se\/en\/wp-json\/wp\/v2\/product\/3770","targetHints":{"allow":["GET"]}}],"collection":[{"href":"https:\/\/test.unestalacademy.se\/en\/wp-json\/wp\/v2\/product"}],"about":[{"href":"https:\/\/test.unestalacademy.se\/en\/wp-json\/wp\/v2\/types\/product"}],"wp:featuredmedia":[{"embeddable":true,"href":"https:\/\/test.unestalacademy.se\/en\/wp-json\/wp\/v2\/media\/186"}],"wp:attachment":[{"href":"https:\/\/test.unestalacademy.se\/en\/wp-json\/wp\/v2\/media?parent=3770"}],"wp:term":[{"taxonomy":"product_brand","embeddable":true,"href":"https:\/\/test.unestalacademy.se\/en\/wp-json\/wp\/v2\/product_brand?post=3770"},{"taxonomy":"product_cat","embeddable":true,"href":"https:\/\/test.unestalacademy.se\/en\/wp-json\/wp\/v2\/product_cat?post=3770"},{"taxonomy":"product_tag","embeddable":true,"href":"https:\/\/test.unestalacademy.se\/en\/wp-json\/wp\/v2\/product_tag?post=3770"}],"curies":[{"name":"wp","href":"https:\/\/api.w.org\/{rel}","templated":true}]}}