{"id":3741,"date":"2024-12-05T16:57:47","date_gmt":"2024-12-05T14:57:47","guid":{"rendered":"https:\/\/test.unestalacademy.se\/?post_type=product&#038;p=3741"},"modified":"2026-01-07T07:20:23","modified_gmt":"2026-01-07T05:20:23","slug":"3741","status":"publish","type":"product","link":"https:\/\/test.unestalacademy.se\/en\/product\/3741\/","title":{"rendered":"Daring to speak"},"content":{"rendered":"<p>Listen to the three audio tracks below, \u201dDARE TO SPEAK.\u201d<br \/>\n5 days\/audio track<\/p>","protected":false},"excerpt":{"rendered":"<p>Lyssna p\u00e5 de 3 ljudsp\u00e5ren nedan &#8221;ATT V\u00c5GA TALA&#8221; 5 dagar\/ljudsp\u00e5r<\/p>","protected":false},"featured_media":3751,"template":"","meta":{"slim_seo":{"title":"Att v\u00e5ga tala - Mental Tr\u00e4ning - Unest\u00e5l","description":"Lyssna p\u00e5 de 3 ljudsp\u00e5ren nedan \"ATT V\u00c5GA TALA\" 5 dagar\/ljudsp\u00e5r"},"iawp_total_views":222},"product_brand":[],"product_cat":[161,173],"product_tag":[],"class_list":{"0":"post-3741","1":"product","2":"type-product","3":"status-publish","4":"has-post-thumbnail","6":"product_cat-hidden","7":"product_cat-pumt-deltagare","9":"first","10":"instock","11":"downloadable","12":"taxable","13":"shipping-taxable","14":"purchasable","15":"product-type-simple"},"_links":{"self":[{"href":"https:\/\/test.unestalacademy.se\/en\/wp-json\/wp\/v2\/product\/3741","targetHints":{"allow":["GET"]}}],"collection":[{"href":"https:\/\/test.unestalacademy.se\/en\/wp-json\/wp\/v2\/product"}],"about":[{"href":"https:\/\/test.unestalacademy.se\/en\/wp-json\/wp\/v2\/types\/product"}],"wp:featuredmedia":[{"embeddable":true,"href":"https:\/\/test.unestalacademy.se\/en\/wp-json\/wp\/v2\/media\/3751"}],"wp:attachment":[{"href":"https:\/\/test.unestalacademy.se\/en\/wp-json\/wp\/v2\/media?parent=3741"}],"wp:term":[{"taxonomy":"product_brand","embeddable":true,"href":"https:\/\/test.unestalacademy.se\/en\/wp-json\/wp\/v2\/product_brand?post=3741"},{"taxonomy":"product_cat","embeddable":true,"href":"https:\/\/test.unestalacademy.se\/en\/wp-json\/wp\/v2\/product_cat?post=3741"},{"taxonomy":"product_tag","embeddable":true,"href":"https:\/\/test.unestalacademy.se\/en\/wp-json\/wp\/v2\/product_tag?post=3741"}],"curies":[{"name":"wp","href":"https:\/\/api.w.org\/{rel}","templated":true}]}}