{"id":2694,"date":"2024-10-01T11:52:52","date_gmt":"2024-10-01T09:52:52","guid":{"rendered":"https:\/\/test.unestalacademy.se\/?post_type=product&#038;p=2694"},"modified":"2026-01-07T07:20:23","modified_gmt":"2026-01-07T05:20:23","slug":"omedveten-narvaro-2","status":"publish","type":"product","link":"https:\/\/test.unestalacademy.se\/en\/product\/omedveten-narvaro-2\/","title":{"rendered":"Unconscious presence"},"content":{"rendered":"<p>&nbsp;<\/p>\n<p class=\"MsoNormal\" style=\"margin: 0cm 0cm 0pt; line-height: normal;\"><strong><span style=\"font-size: 14pt;\"><span style=\"font-family: Calibri;\">Unconscious presence<\/span><\/span><\/strong><\/p>\n<p class=\"MsoNormal\" style=\"margin: 0cm 0cm 0pt; line-height: normal;\"><span style=\"font-size: small;\"><span style=\"font-family: Calibri;\">The audio track is inspired by and incorporates techniques developed by Milton Ericsson. The increasingly popular technique of \u201dmindfulness\u201d refers to \u201dconscious presence,\u201d where one focuses on one thing and is completely in the present moment.<\/span><\/span><\/p>\n<p class=\"MsoNormal\" style=\"margin: 0cm 0cm 0pt; line-height: normal;\"><span style=\"font-size: small;\"><span style=\"font-family: Calibri;\">According to Milton Ericsson, our inner and unconscious processes are very important for creativity and personal development. Most of our individual personality is unconscious and unknown. According to Milton, the unconscious is both wiser and more benevolent than the conscious.<\/span><\/span><\/p>\n<p class=\"MsoNormal\" style=\"margin: 0cm 0cm 0pt; line-height: normal;\"><span style=\"font-size: small;\"><span style=\"font-family: Calibri;\">The new concept of \u201dunconscious presence\u201d points to a different way of training. Here, the conscious is set aside in order to fully utilise the unconscious. Through this technique, you gain access to your full potential while remaining in the present moment.<\/span><\/span><\/p>\n<p class=\"MsoNormal\" style=\"margin: 0cm 0cm 0pt; line-height: normal;\"><strong><span style=\"font-size: small;\"><span style=\"font-family: Calibri;\">How to work with the audio track:<\/span><\/span><\/strong><\/p>\n<p class=\"MsoNormal\" style=\"margin: 0cm 0cm 0pt; line-height: normal;\"><span style=\"font-size: small;\"><span style=\"font-family: Calibri;\">Indirect suggestions give the brain the opportunity to work through the unconscious. It is important to trust the process and understand that you will not notice the effects at first, as the process takes place outside of your conscious mind.<\/span><\/span><\/p>\n<p class=\"MsoNormal\" style=\"margin: 0cm 0cm 0pt; line-height: normal;\"><span style=\"font-size: small;\"><span style=\"font-family: Calibri;\">Eventually, you will become aware of the effects and begin to notice the changes and developments that have taken place. Before you begin the training, you are welcome to write down a problem you want to find a solution to, or a question you want answered. However, this is not entirely necessary, as your subconscious knows what is going on inside you and can therefore choose what is most important to you at that moment.<\/span><\/span><\/p>\n<p class=\"MsoNormal\" style=\"margin: 0cm 0cm 0pt; line-height: normal;\"><span style=\"font-size: small;\"><span style=\"font-family: Calibri;\">What is the background to the recording?<\/span><\/span><\/p>\n<p class=\"MsoNormal\" style=\"margin: 0cm 0cm 0pt; line-height: normal;\"><span style=\"font-size: small;\"><span style=\"font-family: Calibri;\">I have long been fascinated by Milton Ericsson's methods and language and have trained extensively in these methods myself. This has given me an understanding of how useful these methods can be and a desire to spread and communicate this opportunity to as many people as possible.<\/span><\/span><\/p>\n<p class=\"MsoNormal\" style=\"margin: 0cm 0cm 0pt; line-height: normal;\"><span style=\"font-size: small;\"><span style=\"font-family: Calibri;\">Good luck!<\/span><\/span><\/p>\n<p class=\"MsoNormal\" style=\"margin: 0cm 0cm 0pt; line-height: normal;\"><span style=\"font-size: small;\"><span style=\"font-family: Calibri;\">The first in the series is now complete, and I would appreciate your feedback and comments on the programme. Please feel free to share your experiences and the effects you have noticed.<\/span><\/span><\/p>\n<p>&nbsp;<\/p>","protected":false},"excerpt":{"rendered":"<p>&nbsp; Omedveten n\u00e4rvaro Ljudsp\u00e5ret \u00e4r inspirerad av och inneh\u00e5ller tekniker fr\u00e5n Milton Ericsson. I den idag allt popul\u00e4rare tekniken \u201dMindfulness\u201d talar man om \u201dmedveten n\u00e4rvaro\u201d d\u00e4r man fokuserar p\u00e5 en sak och \u00e4r helt i nuet. Enligt Milton Ericsson \u00e4r v\u00e5ra inre och icke medvetna processer mycket v\u00e4sentliga f\u00f6r kreativiteten och v\u00e5r personliga utveckling. St\u00f6rre [&hellip;]<\/p>\n","protected":false},"featured_media":176,"template":"","meta":{"slim_seo":{"title":"Omedveten n\u00e4rvaro - Mental Tr\u00e4ning - Unest\u00e5l","description":"&nbsp; Omedveten n\u00e4rvaro Ljudsp\u00e5ret \u00e4r inspirerad av och inneh\u00e5ller tekniker fr\u00e5n Milton Ericsson. I den idag allt popul\u00e4rare tekniken \u201dMindfulness\u201d talar man o"},"iawp_total_views":211},"product_brand":[],"product_cat":[170,172],"product_tag":[],"class_list":{"0":"post-2694","1":"product","2":"type-product","3":"status-publish","4":"has-post-thumbnail","6":"product_cat-ecxellent-ledarskap","7":"product_cat-nlp-deltagare","9":"first","10":"instock","11":"downloadable","12":"taxable","13":"shipping-taxable","14":"purchasable","15":"product-type-simple"},"_links":{"self":[{"href":"https:\/\/test.unestalacademy.se\/en\/wp-json\/wp\/v2\/product\/2694","targetHints":{"allow":["GET"]}}],"collection":[{"href":"https:\/\/test.unestalacademy.se\/en\/wp-json\/wp\/v2\/product"}],"about":[{"href":"https:\/\/test.unestalacademy.se\/en\/wp-json\/wp\/v2\/types\/product"}],"wp:featuredmedia":[{"embeddable":true,"href":"https:\/\/test.unestalacademy.se\/en\/wp-json\/wp\/v2\/media\/176"}],"wp:attachment":[{"href":"https:\/\/test.unestalacademy.se\/en\/wp-json\/wp\/v2\/media?parent=2694"}],"wp:term":[{"taxonomy":"product_brand","embeddable":true,"href":"https:\/\/test.unestalacademy.se\/en\/wp-json\/wp\/v2\/product_brand?post=2694"},{"taxonomy":"product_cat","embeddable":true,"href":"https:\/\/test.unestalacademy.se\/en\/wp-json\/wp\/v2\/product_cat?post=2694"},{"taxonomy":"product_tag","embeddable":true,"href":"https:\/\/test.unestalacademy.se\/en\/wp-json\/wp\/v2\/product_tag?post=2694"}],"curies":[{"name":"wp","href":"https:\/\/api.w.org\/{rel}","templated":true}]}}