{"id":2635,"date":"2024-09-30T13:16:05","date_gmt":"2024-09-30T11:16:05","guid":{"rendered":"https:\/\/test.unestalacademy.se\/?post_type=product&#038;p=2635"},"modified":"2026-01-07T07:19:59","modified_gmt":"2026-01-07T05:19:59","slug":"halsomupparna-kopia","status":"publish","type":"product","link":"https:\/\/test.unestalacademy.se\/en\/product\/halsomupparna-kopia\/","title":{"rendered":"Health Muppets"},"content":{"rendered":"","protected":false},"excerpt":{"rendered":"","protected":false},"featured_media":2521,"template":"","meta":{"slim_seo":{"title":"H\u00e4lsomupparna - Mental Tr\u00e4ning - Unest\u00e5l","description":""},"iawp_total_views":194},"product_brand":[],"product_cat":[153],"product_tag":[],"class_list":{"0":"post-2635","1":"product","2":"type-product","3":"status-publish","4":"has-post-thumbnail","6":"product_cat-battre-halsa","8":"first","9":"instock","10":"downloadable","11":"taxable","12":"shipping-taxable","13":"purchasable","14":"product-type-simple"},"_links":{"self":[{"href":"https:\/\/test.unestalacademy.se\/en\/wp-json\/wp\/v2\/product\/2635","targetHints":{"allow":["GET"]}}],"collection":[{"href":"https:\/\/test.unestalacademy.se\/en\/wp-json\/wp\/v2\/product"}],"about":[{"href":"https:\/\/test.unestalacademy.se\/en\/wp-json\/wp\/v2\/types\/product"}],"wp:featuredmedia":[{"embeddable":true,"href":"https:\/\/test.unestalacademy.se\/en\/wp-json\/wp\/v2\/media\/2521"}],"wp:attachment":[{"href":"https:\/\/test.unestalacademy.se\/en\/wp-json\/wp\/v2\/media?parent=2635"}],"wp:term":[{"taxonomy":"product_brand","embeddable":true,"href":"https:\/\/test.unestalacademy.se\/en\/wp-json\/wp\/v2\/product_brand?post=2635"},{"taxonomy":"product_cat","embeddable":true,"href":"https:\/\/test.unestalacademy.se\/en\/wp-json\/wp\/v2\/product_cat?post=2635"},{"taxonomy":"product_tag","embeddable":true,"href":"https:\/\/test.unestalacademy.se\/en\/wp-json\/wp\/v2\/product_tag?post=2635"}],"curies":[{"name":"wp","href":"https:\/\/api.w.org\/{rel}","templated":true}]}}