{"id":2519,"date":"2024-09-20T11:07:41","date_gmt":"2024-09-20T09:07:41","guid":{"rendered":"https:\/\/test.unestalacademy.se\/?post_type=product&#038;p=2519"},"modified":"2026-01-07T07:19:59","modified_gmt":"2026-01-07T05:19:59","slug":"halsomupparna","status":"publish","type":"product","link":"https:\/\/test.unestalacademy.se\/en\/product\/halsomupparna\/","title":{"rendered":"Health Muppets"},"content":{"rendered":"","protected":false},"excerpt":{"rendered":"","protected":false},"featured_media":2521,"template":"","meta":{"slim_seo":{"title":"H\u00e4lsomupparna - Mental Tr\u00e4ning - Unest\u00e5l","description":""},"iawp_total_views":249},"product_brand":[],"product_cat":[170,171,172],"product_tag":[],"class_list":{"0":"post-2519","1":"product","2":"type-product","3":"status-publish","4":"has-post-thumbnail","6":"product_cat-ecxellent-ledarskap","7":"product_cat-icc-deltagare","8":"product_cat-nlp-deltagare","10":"first","11":"instock","12":"downloadable","13":"taxable","14":"shipping-taxable","15":"purchasable","16":"product-type-simple"},"_links":{"self":[{"href":"https:\/\/test.unestalacademy.se\/en\/wp-json\/wp\/v2\/product\/2519","targetHints":{"allow":["GET"]}}],"collection":[{"href":"https:\/\/test.unestalacademy.se\/en\/wp-json\/wp\/v2\/product"}],"about":[{"href":"https:\/\/test.unestalacademy.se\/en\/wp-json\/wp\/v2\/types\/product"}],"wp:featuredmedia":[{"embeddable":true,"href":"https:\/\/test.unestalacademy.se\/en\/wp-json\/wp\/v2\/media\/2521"}],"wp:attachment":[{"href":"https:\/\/test.unestalacademy.se\/en\/wp-json\/wp\/v2\/media?parent=2519"}],"wp:term":[{"taxonomy":"product_brand","embeddable":true,"href":"https:\/\/test.unestalacademy.se\/en\/wp-json\/wp\/v2\/product_brand?post=2519"},{"taxonomy":"product_cat","embeddable":true,"href":"https:\/\/test.unestalacademy.se\/en\/wp-json\/wp\/v2\/product_cat?post=2519"},{"taxonomy":"product_tag","embeddable":true,"href":"https:\/\/test.unestalacademy.se\/en\/wp-json\/wp\/v2\/product_tag?post=2519"}],"curies":[{"name":"wp","href":"https:\/\/api.w.org\/{rel}","templated":true}]}}