{"id":1697,"date":"2024-02-28T09:01:24","date_gmt":"2024-02-28T07:01:24","guid":{"rendered":"https:\/\/test.unestalacademy.se\/product\/tinnitus\/"},"modified":"2026-01-07T07:19:59","modified_gmt":"2026-01-07T05:19:59","slug":"tinnitus","status":"publish","type":"product","link":"https:\/\/test.unestalacademy.se\/en\/product\/tinnitus\/","title":{"rendered":"Tinnitus"},"content":{"rendered":"<p><strong>4 programmes<\/strong><\/p>\n<p>Listen to each programme for 5-7 days before moving on to the next one.<\/p>","protected":false},"excerpt":{"rendered":"<p>4 program Lyssna p\u00e5 varje program 5-7 dagar innan du g\u00e5r till n\u00e4sta.<\/p>","protected":false},"featured_media":220,"template":"","meta":{"slim_seo":{"title":"Tinnitus - Mental Tr\u00e4ning - Unest\u00e5l","description":"4 program Lyssna p\u00e5 varje program 5-7 dagar innan du g\u00e5r till n\u00e4sta."},"iawp_total_views":360},"product_brand":[],"product_cat":[153],"product_tag":[],"class_list":{"0":"post-1697","1":"product","2":"type-product","3":"status-publish","4":"has-post-thumbnail","6":"product_cat-battre-halsa","8":"first","9":"instock","10":"downloadable","11":"taxable","12":"shipping-taxable","13":"purchasable","14":"product-type-simple"},"_links":{"self":[{"href":"https:\/\/test.unestalacademy.se\/en\/wp-json\/wp\/v2\/product\/1697","targetHints":{"allow":["GET"]}}],"collection":[{"href":"https:\/\/test.unestalacademy.se\/en\/wp-json\/wp\/v2\/product"}],"about":[{"href":"https:\/\/test.unestalacademy.se\/en\/wp-json\/wp\/v2\/types\/product"}],"wp:featuredmedia":[{"embeddable":true,"href":"https:\/\/test.unestalacademy.se\/en\/wp-json\/wp\/v2\/media\/220"}],"wp:attachment":[{"href":"https:\/\/test.unestalacademy.se\/en\/wp-json\/wp\/v2\/media?parent=1697"}],"wp:term":[{"taxonomy":"product_brand","embeddable":true,"href":"https:\/\/test.unestalacademy.se\/en\/wp-json\/wp\/v2\/product_brand?post=1697"},{"taxonomy":"product_cat","embeddable":true,"href":"https:\/\/test.unestalacademy.se\/en\/wp-json\/wp\/v2\/product_cat?post=1697"},{"taxonomy":"product_tag","embeddable":true,"href":"https:\/\/test.unestalacademy.se\/en\/wp-json\/wp\/v2\/product_tag?post=1697"}],"curies":[{"name":"wp","href":"https:\/\/api.w.org\/{rel}","templated":true}]}}