{"id":1694,"date":"2024-02-28T09:01:24","date_gmt":"2024-02-28T07:01:24","guid":{"rendered":"https:\/\/test.unestalacademy.se\/product\/storstadning-av-ditt-inre-med-elene-unestal\/"},"modified":"2026-01-07T07:19:59","modified_gmt":"2026-01-07T05:19:59","slug":"storstadning-av-ditt-inre-med-elene-unestal","status":"publish","type":"product","link":"https:\/\/test.unestalacademy.se\/en\/product\/storstadning-av-ditt-inre-med-elene-unestal\/","title":{"rendered":"Deep cleaning your inner self with Elene Unest\u00e5l"},"content":{"rendered":"<p>Keeping your inner self tidy and hygienic is just as important as your daily shower. This programme gives you the opportunity to let your subconscious clean and clear away anything that prevents you from developing to your full potential. Elene Unest\u00e5l guides you through a mental cleaning process where you gain access to your subconscious.<\/p>\n<p>Download the programme and let your subconscious do the work!<\/p>","protected":false},"excerpt":{"rendered":"<p>Att h\u00e5lla ditt inre v\u00e4lst\u00e4dat och med en h\u00f6g hygienfaktor \u00e4r lika viktigt som din dagliga dusch. Med detta program f\u00e5r du m\u00f6jlighet att l\u00e5ta ditt omedvetna st\u00e4da och rensa bort s\u00e5nt som hindrar dig fr\u00e5n att utvecklas till din fulla potential. Elene Unest\u00e5l guidar dig till en mental st\u00e4dprocess d\u00e4r du f\u00e5r tillg\u00e5ng till [&hellip;]<\/p>\n","protected":false},"featured_media":212,"template":"","meta":{"slim_seo":{"title":"Storst\u00e4dning av ditt inre med Elene Unest\u00e5l - Mental Tr\u00e4ning - Unest\u00e5l","description":"Att h\u00e5lla ditt inre v\u00e4lst\u00e4dat och med en h\u00f6g hygienfaktor \u00e4r lika viktigt som din dagliga dusch. Med detta program f\u00e5r du m\u00f6jlighet att l\u00e5ta ditt omedvetna st\u00e4d"},"iawp_total_views":516},"product_brand":[],"product_cat":[153,86],"product_tag":[],"class_list":{"0":"post-1694","1":"product","2":"type-product","3":"status-publish","4":"has-post-thumbnail","6":"product_cat-battre-halsa","7":"product_cat-personlig-utveckling","9":"first","10":"instock","11":"downloadable","12":"taxable","13":"shipping-taxable","14":"purchasable","15":"product-type-simple"},"_links":{"self":[{"href":"https:\/\/test.unestalacademy.se\/en\/wp-json\/wp\/v2\/product\/1694","targetHints":{"allow":["GET"]}}],"collection":[{"href":"https:\/\/test.unestalacademy.se\/en\/wp-json\/wp\/v2\/product"}],"about":[{"href":"https:\/\/test.unestalacademy.se\/en\/wp-json\/wp\/v2\/types\/product"}],"wp:featuredmedia":[{"embeddable":true,"href":"https:\/\/test.unestalacademy.se\/en\/wp-json\/wp\/v2\/media\/212"}],"wp:attachment":[{"href":"https:\/\/test.unestalacademy.se\/en\/wp-json\/wp\/v2\/media?parent=1694"}],"wp:term":[{"taxonomy":"product_brand","embeddable":true,"href":"https:\/\/test.unestalacademy.se\/en\/wp-json\/wp\/v2\/product_brand?post=1694"},{"taxonomy":"product_cat","embeddable":true,"href":"https:\/\/test.unestalacademy.se\/en\/wp-json\/wp\/v2\/product_cat?post=1694"},{"taxonomy":"product_tag","embeddable":true,"href":"https:\/\/test.unestalacademy.se\/en\/wp-json\/wp\/v2\/product_tag?post=1694"}],"curies":[{"name":"wp","href":"https:\/\/api.w.org\/{rel}","templated":true}]}}