{"id":1689,"date":"2024-02-28T09:01:24","date_gmt":"2024-02-28T07:01:24","guid":{"rendered":"https:\/\/test.unestalacademy.se\/product\/rokfrihet\/"},"modified":"2026-01-07T07:19:59","modified_gmt":"2026-01-07T05:19:59","slug":"rokfrihet","status":"publish","type":"product","link":"https:\/\/test.unestalacademy.se\/en\/product\/rokfrihet\/","title":{"rendered":"Smoke-free environment"},"content":{"rendered":"<p><strong>Smoke-free environment<\/strong><\/p>\n<p>to start with something better<\/p>\n<p>You have made one of the most important decisions of your life \u2013 to quit smoking \u2013 or rather, not to start smoking again. To help you carry out that decision, you have two audio files:<\/p>\n<p>1. Help to quit smoking and 2. Help to remain smoke-free.<\/p>\n<p><strong>Practical instructions<\/strong><\/p>\n<p><i>Step 1<\/i>: Start by setting the date when your smoke-free life will begin. It should be a date between 2 and 4 weeks in the future. We call this date F-day. F stands for freedom or liberation. Remember that this date does not mean that you <i>ends<\/i> smoke. Instead, it means that you <i>begins<\/i> the smoke-free life.<\/p>\n<p><i>Step 2:<\/i> Until F-day, you should do two things:<\/p>\n<p>1. You should listen to programme 1 once a day. You can choose any time, but book the time in advance. Don't just do it when you have time, but schedule the training. 2. Continue smoking until F-day, but break your habits by smoking in a different way. For example, use your other hand or other fingers, smoke in different situations, etc.<\/p>\n<p>When it comes to the number of cigarettes, you can choose between smoking the same number every day or increasing by one cigarette each day. Whichever you choose, it is important that you smoke the same number as you planned. This means that you should keep careful notes on how many cigarettes you have smoked.<\/p>\n<p><i>Step 3:<\/i> When the big day arrives, smoke as usual until the evening, but save the last two cigarettes of the day for a simple ceremony in the evening, a ceremony that will mark the start of your new smoke-free life. Feel free to invite others if you wish. The ceremony itself involves smoking the first cigarette with more puffs than usual and then immediately smoking the second (last) cigarette. You only have two minutes to try to smoke as much of that cigarette as possible. When two minutes have passed, stub it out. Make stubbing it out a symbol of quitting (feel free to take a photo too) and the start of your smoke-free life.<\/p>\n<p><i>Step 4:<\/i> Starting on F-day, you will practise on the second track, every day during the first week, every other day during the second week, and so on, until you are completely confident.<\/p>\n<p><strong>Additional measures<\/strong><\/p>\n<p>If the urge arises, there are several ways to deal with it. Apart from listening to the training programme, you can try the following:<\/p>\n<p>-Drink water<\/p>\n<p>-Breathe slowly and deeply<\/p>\n<ul>\n<li>Give yourself suggestions.<\/li>\n<\/ul>\n<p>The latter may be of the type \u201dI am completely indifferent to smoking\u201d or \u201dI can handle this well.\u201d You can repeat this to yourself while relaxing or falling asleep, but also while awake. Repeat the sentences as formulas without thinking about the content. Do not doubt, but take it for granted that you will succeed.<\/p>\n<p>&nbsp;<\/p>\n<p>&nbsp;<\/p>","protected":false},"excerpt":{"rendered":"<p>R\u00f6kfrihet att b\u00f6rja med n\u00e5got b\u00e4ttre Du har fattat ett av de viktigaste besluten i ditt liv \u2013 att sluta r\u00f6ka \u2013 eller r\u00e4ttare sagt att inte b\u00f6rja r\u00f6ka igen. Som hj\u00e4lp f\u00f6r att genomf\u00f6ra det beslutet har du tv\u00e5 ljudfiler: 1. Hj\u00e4lp att sluta r\u00f6ka och 2. Hj\u00e4lp att forts\u00e4tta som r\u00f6kfri. Praktiska instruktioner [&hellip;]<\/p>\n","protected":false},"featured_media":198,"template":"","meta":{"slim_seo":{"title":"R\u00f6kfrihet - Mental Tr\u00e4ning - Unest\u00e5l","description":"R\u00f6kfrihet att b\u00f6rja med n\u00e5got b\u00e4ttre Du har fattat ett av de viktigaste besluten i ditt liv \u2013 att sluta r\u00f6ka \u2013 eller r\u00e4ttare sagt att inte b\u00f6rja r\u00f6ka igen. Som"},"iawp_total_views":58},"product_brand":[],"product_cat":[153],"product_tag":[],"class_list":{"0":"post-1689","1":"product","2":"type-product","3":"status-publish","4":"has-post-thumbnail","6":"product_cat-battre-halsa","8":"first","9":"instock","10":"downloadable","11":"taxable","12":"shipping-taxable","13":"purchasable","14":"product-type-simple"},"_links":{"self":[{"href":"https:\/\/test.unestalacademy.se\/en\/wp-json\/wp\/v2\/product\/1689","targetHints":{"allow":["GET"]}}],"collection":[{"href":"https:\/\/test.unestalacademy.se\/en\/wp-json\/wp\/v2\/product"}],"about":[{"href":"https:\/\/test.unestalacademy.se\/en\/wp-json\/wp\/v2\/types\/product"}],"wp:featuredmedia":[{"embeddable":true,"href":"https:\/\/test.unestalacademy.se\/en\/wp-json\/wp\/v2\/media\/198"}],"wp:attachment":[{"href":"https:\/\/test.unestalacademy.se\/en\/wp-json\/wp\/v2\/media?parent=1689"}],"wp:term":[{"taxonomy":"product_brand","embeddable":true,"href":"https:\/\/test.unestalacademy.se\/en\/wp-json\/wp\/v2\/product_brand?post=1689"},{"taxonomy":"product_cat","embeddable":true,"href":"https:\/\/test.unestalacademy.se\/en\/wp-json\/wp\/v2\/product_cat?post=1689"},{"taxonomy":"product_tag","embeddable":true,"href":"https:\/\/test.unestalacademy.se\/en\/wp-json\/wp\/v2\/product_tag?post=1689"}],"curies":[{"name":"wp","href":"https:\/\/api.w.org\/{rel}","templated":true}]}}