{"id":1681,"date":"2024-02-28T09:01:24","date_gmt":"2024-02-28T07:01:24","guid":{"rendered":"https:\/\/test.unestalacademy.se\/product\/nlp-mental-traning\/"},"modified":"2026-01-07T07:19:59","modified_gmt":"2026-01-07T05:19:59","slug":"nlp-mental-traning","status":"publish","type":"product","link":"https:\/\/test.unestalacademy.se\/en\/product\/nlp-mental-traning\/","title":{"rendered":"NLP &amp; Mental Training"},"content":{"rendered":"<p><strong>NLP AND MENTAL TRAINING<\/strong><\/p>\n<p>The CD contains two tracks. Track 1 is a track with noise and sounds, while track 2 starts with birdsong. The noise and sounds in track 1 are intended to illustrate the society and reality we live in. By starting with the sounds, you experience even more clearly the peace and tranquillity that comes with relaxation.<\/p>\n<p><strong>THE MUSIC<\/strong><\/p>\n<p>In 2003, composers Kas\u00e5 and Lord were commissioned to compose music based on the golden ratio (known as the \u201dsection divine\u201d). The reason for this was that L-E Unest\u00e5hl, together with a Russian research team, discovered that mental space changes the way the brain works (the ratio between different EEG frequencies) in the direction of the golden ratio. Since the golden ratio has represented the concepts of beauty, balance and harmony since the dawn of humanity, brain activity in the mental space has come to be known as the \u201dsecond harmonic brain\u201d. In the autumn of 2004, the first two compositions were completed. One has been used in Lars-Eric Unest\u00e5hl's CD \u201dDivine\" and the other composition is used as background music on this CD. Initial tests indicate that the music helps to create a harmonious state.<\/p>\n<p><strong>PROGRAMME CONTENT<\/strong><\/p>\n<p><i>The mental space<\/i><\/p>\n<p>The programme begins with muscular and mental relaxation techniques that guide participants into a state of deep relaxation, where they pause and build their \u201dmental space\u201d (MS). MS is an operational definition of a self-hypnotic state, where the mental processes that are created have a strong impact on both the body and the mind. The mental space therefore forms an important basis for the personal development techniques that follow in the programme.<\/p>\n<p><i>I reinforcement<\/i><\/p>\n<p>In the mental space, images and experiences can be \u201dstored\u201d that lead to a positive development of the self-image, both in terms of self-confidence and self-esteem. The self-image cannot be changed through logical arguments, but rather through self-empowering suggestions and images conveyed in an alternative state of consciousness (the mental space), where the information process takes place in a qualitatively different way. In this self-hypnotic state, the difference between inner images and reality is blurred in the same way as in a dream. The new, positive and strong self-image emerges and becomes integrated into the personality in a natural way.<\/p>\n<p><i>Two NLP features<\/i><\/p>\n<p>The mental space and techniques for self-reinforcement are taken from mental training. In addition, there are two techniques from the NLP model.<\/p>\n<p><i>Neurological levels<\/i><\/p>\n<p>The technique was developed by Robert Dillts and is a useful tool in both conflict situations and in the work of \u201dcreating your own future\u201d. By setting clear goals, resolving inner conflicts and managing personal changes, congruence increases. Striving to become congruent at every neurological level leads to an increase in resources and energy savings. The process provides a useful framework and shows which level is most important for achieving the desired result. In this process, thoughts, feelings and behaviours can all change.<\/p>\n<p><i>Perceptual positions<\/i><\/p>\n<p>This process makes it easier to view situations from different perspectives, which increases understanding of how other people think and act in different situations. It also provides perspective on how you yourself think and act, with the opportunity to find new solutions and resources to break deadlocks. One result of this training is usually improved relationships.<\/p>\n<p><i>One programme \u2013 four areas<\/i><\/p>\n<p>All four areas described above are included in the same programme, which means that the programme takes just over half an hour to complete. However, the perception of time tends to change during deep relaxation, making half an hour feel like a couple of minutes and vice versa. A good tip is not to try too hard to listen actively. It's better to let the content sink in without thinking too much about it. It can even be good to relax so deeply that you don't even remember what was said after the programme.<\/p>","protected":false},"excerpt":{"rendered":"<p>NLP OCH MENTAL TR\u00c4NING CD:n inneh\u00e5ller 2 sp\u00e5r. Sp\u00e5r 1 \u00e4r ett sp\u00e5r med buller och oljud medan sp\u00e5r 2 startar med f\u00e5gelkvitter. Bullren och oljuden i sp\u00e5r 1 ska illustrera det samh\u00e4lle och den verklighet vi lever i. genom att starta med oljuden s\u00e5 upplever man \u00e4nnu tydligare den ro och vila som kommer [&hellip;]<\/p>\n","protected":false},"featured_media":164,"template":"","meta":{"slim_seo":{"title":"NLP & Mental Tr\u00e4ning - Mental Tr\u00e4ning - Unest\u00e5l","description":"NLP OCH MENTAL TR\u00c4NING CD:n inneh\u00e5ller 2 sp\u00e5r. Sp\u00e5r 1 \u00e4r ett sp\u00e5r med buller och oljud medan sp\u00e5r 2 startar med f\u00e5gelkvitter. Bullren och oljuden i sp\u00e5r 1 ska i"},"iawp_total_views":111},"product_brand":[],"product_cat":[171],"product_tag":[],"class_list":{"0":"post-1681","1":"product","2":"type-product","3":"status-publish","4":"has-post-thumbnail","6":"product_cat-icc-deltagare","8":"first","9":"instock","10":"downloadable","11":"taxable","12":"shipping-taxable","13":"purchasable","14":"product-type-simple"},"_links":{"self":[{"href":"https:\/\/test.unestalacademy.se\/en\/wp-json\/wp\/v2\/product\/1681","targetHints":{"allow":["GET"]}}],"collection":[{"href":"https:\/\/test.unestalacademy.se\/en\/wp-json\/wp\/v2\/product"}],"about":[{"href":"https:\/\/test.unestalacademy.se\/en\/wp-json\/wp\/v2\/types\/product"}],"wp:featuredmedia":[{"embeddable":true,"href":"https:\/\/test.unestalacademy.se\/en\/wp-json\/wp\/v2\/media\/164"}],"wp:attachment":[{"href":"https:\/\/test.unestalacademy.se\/en\/wp-json\/wp\/v2\/media?parent=1681"}],"wp:term":[{"taxonomy":"product_brand","embeddable":true,"href":"https:\/\/test.unestalacademy.se\/en\/wp-json\/wp\/v2\/product_brand?post=1681"},{"taxonomy":"product_cat","embeddable":true,"href":"https:\/\/test.unestalacademy.se\/en\/wp-json\/wp\/v2\/product_cat?post=1681"},{"taxonomy":"product_tag","embeddable":true,"href":"https:\/\/test.unestalacademy.se\/en\/wp-json\/wp\/v2\/product_tag?post=1681"}],"curies":[{"name":"wp","href":"https:\/\/api.w.org\/{rel}","templated":true}]}}