{"id":1678,"date":"2024-02-28T09:01:24","date_gmt":"2024-02-28T07:01:24","guid":{"rendered":"https:\/\/test.unestalacademy.se\/product\/minakuvan-ja-tavoitekuvan-harjoitus\/"},"modified":"2026-01-07T07:19:59","modified_gmt":"2026-01-07T05:19:59","slug":"minakuvan-ja-tavoitekuvan-harjoitus","status":"publish","type":"product","link":"https:\/\/test.unestalacademy.se\/en\/product\/minakuvan-ja-tavoitekuvan-harjoitus\/","title":{"rendered":"Self-image and target image exercise"},"content":{"rendered":"<p><strong>Success factors<\/strong><\/p>\n<p>During the training period, the first two MTAT factors (Self-image, Target image, Attitude and Emotion) are reviewed.<\/p>\n<p><strong>OSA 3 Self-image exercise (3 weeks)<\/strong><\/p>\n<p><span class=\"redactor-invisible-space\">Programme 1: Self-confidence exercise (1.5 weeks)<br \/>\nProgramme 2: Self-esteem exercise (1.5 weeks)<\/span><\/p>\n<p><span class=\"redactor-invisible-space\">Self-image includes, among other things, self-confidence, self-esteem and self-assurance. Your self-image influences your thoughts, behaviour, achievements and actions. A good and positive self-image encourages and inspires, while a poor one hinders and restricts the emergence of your own strengths. It is each person's responsibility to first decide what kind of self-image they want to have and then build it through practice. It is each person's responsibility to first decide what kind of self-image they want to have and then build it through practice. An improved self-image affects your results, interpretations and goal setting, and initiates a positive chain of events that feeds itself.<\/span><\/p>\n<p><span class=\"redactor-invisible-space\"><strong>OSA 4 Target image training (3 weeks)<\/strong><\/span><\/p>\n<p><span class=\"redactor-invisible-space\">Ohjelma<span class=\"redactor-invisible-space\"> 3: Goal setting (1 week)<br \/>\nOhjelma<span class=\"redactor-invisible-space\"> 4: Ideomotor exercise (1 week)<br \/>\nOhjelma<span class=\"redactor-invisible-space\"> 5: Target image control (1 week)<\/span><\/span><\/span><\/span><\/p>\n<p><span class=\"redactor-invisible-space\"><span class=\"redactor-invisible-space\"><span class=\"redactor-invisible-space\"><span class=\"redactor-invisible-space\">Bold and appealing target images, programmed in the so-called inner room, provide strength and inspiration. They help you commit to your goals, while guiding the course of both unconscious and conscious events. Before you start listening to (Guide 3) goal setting, you should choose three future situations in which you want to perform and act or be able to do better. Ideomotor exercise (Guide 4) teaches you more about how goal images or mental images guide and affect your body. The ideomotor exercise (Guide 4) teaches you more about how goal images or mental images guide and affect your body. You learn to create a mental image and then \u201dlet it happen\u201d. In the Goal Image Guidance programme (Guide 5), you can record mental images of your future. These images will be engraved in your \u201dback of the mind\u201d and guide the automatic responses that are a big part of our daily lives and are also a prerequisite for good performance.<br \/>\n<\/span><br \/>\n<\/span><\/span><\/span><\/p>","protected":false},"excerpt":{"rendered":"<p>Menestystekij\u00e4t Harjoittelujakson aikana k\u00e4yd\u00e4\u00e4n l\u00e4pi kaksi ensimm\u00e4ist\u00e4 MTAT-tekij\u00e4\u00e4 (Min\u00e4kuva, Tavoitekuva, Asenne ja Tunne). OSA 3 Min\u00e4kuvan harjoitus (3 viikkoa) Ohjelma 1: Itseluottamusharjoitus (1,5 vk) Ohjelma 2: Itsetuntoharjoitus (1,5 vk) Min\u00e4kuvaan sis\u00e4ltyy mm. Itseluottamus, itsetunto ja itsevarmuus. K\u00e4sitys itset\u00e4si vaikutta ajatuksiisi, k\u00e4ytt\u00e4ytymiseesi, saavutuksiisi ja toimintoihisi. Hyv\u00e4 ja positiivinen min\u00e4kuva kannustaa ja innostaa, kun taas huono est\u00e4\u00e4 [&hellip;]<\/p>\n","protected":false},"featured_media":158,"template":"","meta":{"slim_seo":{"title":"Min\u00e4kuvan ja tavoitekuvan harjoitus - Mental Tr\u00e4ning - Unest\u00e5l","description":"Menestystekij\u00e4t Harjoittelujakson aikana k\u00e4yd\u00e4\u00e4n l\u00e4pi kaksi ensimm\u00e4ist\u00e4 MTAT-tekij\u00e4\u00e4 (Min\u00e4kuva, Tavoitekuva, Asenne ja Tunne). OSA 3 Min\u00e4kuvan harjoitus (3 viik"},"iawp_total_views":38},"product_brand":[],"product_cat":[159,158],"product_tag":[],"class_list":{"0":"post-1678","1":"product","2":"type-product","3":"status-publish","4":"has-post-thumbnail","6":"product_cat-finska","7":"product_cat-utlandska-program","9":"first","10":"instock","11":"downloadable","12":"taxable","13":"shipping-taxable","14":"purchasable","15":"product-type-simple"},"_links":{"self":[{"href":"https:\/\/test.unestalacademy.se\/en\/wp-json\/wp\/v2\/product\/1678","targetHints":{"allow":["GET"]}}],"collection":[{"href":"https:\/\/test.unestalacademy.se\/en\/wp-json\/wp\/v2\/product"}],"about":[{"href":"https:\/\/test.unestalacademy.se\/en\/wp-json\/wp\/v2\/types\/product"}],"wp:featuredmedia":[{"embeddable":true,"href":"https:\/\/test.unestalacademy.se\/en\/wp-json\/wp\/v2\/media\/158"}],"wp:attachment":[{"href":"https:\/\/test.unestalacademy.se\/en\/wp-json\/wp\/v2\/media?parent=1678"}],"wp:term":[{"taxonomy":"product_brand","embeddable":true,"href":"https:\/\/test.unestalacademy.se\/en\/wp-json\/wp\/v2\/product_brand?post=1678"},{"taxonomy":"product_cat","embeddable":true,"href":"https:\/\/test.unestalacademy.se\/en\/wp-json\/wp\/v2\/product_cat?post=1678"},{"taxonomy":"product_tag","embeddable":true,"href":"https:\/\/test.unestalacademy.se\/en\/wp-json\/wp\/v2\/product_tag?post=1678"}],"curies":[{"name":"wp","href":"https:\/\/api.w.org\/{rel}","templated":true}]}}