{"id":1676,"date":"2024-02-28T09:01:21","date_gmt":"2024-02-28T07:01:21","guid":{"rendered":"https:\/\/test.unestalacademy.se\/product\/mindschool-traningsprogram-i-coachappen\/"},"modified":"2026-01-07T07:20:46","modified_gmt":"2026-01-07T05:20:46","slug":"mindschool-traningsprogram-i-coachappen","status":"publish","type":"product","link":"https:\/\/test.unestalacademy.se\/en\/product\/mindschool-traningsprogram-i-coachappen\/","title":{"rendered":"Mindschool training programme in the coach app!"},"content":{"rendered":"<p>With the MindSchool app, you get access to mental training and mindfulness exercises for your teenager!<\/p>\n<p>They train their self-image, goals, attitude and feelings. It also helps participants reduce their stress levels, increase their ability to concentrate and achieve better results at school.<\/p>\n<p><a href=\"https:\/\/www.unestaleducation.se\/wp-content\/uploads\/2020\/12\/artikel-mindschool-unestahl_korr3.pdf\" target=\"_blank\" rel=\"noopener\">Here you can read more about Mindschool.<\/a>.<\/p>\n<p>When you order and pay via our webshop, the programme and login details will be sent to you within 2-3 days at the most. You will then receive login details for the app where the training takes place.<\/p>\n<p>Only \u00a349.99 for 6 months' access to the app. The training programmes are suitable for children aged 8-13!<\/p>\n<p>Please note: If you are under 18 years of age, you will need parental consent. The first time you log in, you accept the terms and conditions, which means that your parents have approved your use of Mindschool.<\/p>","protected":false},"excerpt":{"rendered":"<p>Med MindSchool appen f\u00e5r du tillg\u00e5ng till mental tr\u00e4ning och mindfulness\u00f6vningar f\u00f6r din ton\u00e5ring! De tr\u00e4nar upp sin sj\u00e4lvbild, m\u00e5lbild, attityd och k\u00e4nsla. Den hj\u00e4lper \u00e4ven deltagaren att s\u00e4nka sina stressniv\u00e5er, \u00f6ka sin koncentrationsf\u00f6rm\u00e5ga samt att n\u00e5 b\u00e4ttre resultat i skolan. H\u00e4r kan du l\u00e4sa mer om mindschool. N\u00e4r du best\u00e4ller och betalar via v\u00e5r [&hellip;]<\/p>\n","protected":false},"featured_media":154,"template":"","meta":{"slim_seo":{"title":"Mindschool tr\u00e4ningsprogram i coachappen! - Mental Tr\u00e4ning - Unest\u00e5l","description":"Med MindSchool appen f\u00e5r du tillg\u00e5ng till mental tr\u00e4ning och mindfulness\u00f6vningar f\u00f6r din ton\u00e5ring! De tr\u00e4nar upp sin sj\u00e4lvbild, m\u00e5lbild, attityd och k\u00e4nsla. Den"},"iawp_total_views":115},"product_brand":[],"product_cat":[156,161],"product_tag":[],"class_list":{"0":"post-1676","1":"product","2":"type-product","3":"status-publish","4":"has-post-thumbnail","6":"product_cat-barn-ungdom","7":"product_cat-hidden","9":"first","10":"instock","11":"downloadable","12":"taxable","13":"shipping-taxable","14":"purchasable","15":"product-type-simple"},"_links":{"self":[{"href":"https:\/\/test.unestalacademy.se\/en\/wp-json\/wp\/v2\/product\/1676","targetHints":{"allow":["GET"]}}],"collection":[{"href":"https:\/\/test.unestalacademy.se\/en\/wp-json\/wp\/v2\/product"}],"about":[{"href":"https:\/\/test.unestalacademy.se\/en\/wp-json\/wp\/v2\/types\/product"}],"wp:featuredmedia":[{"embeddable":true,"href":"https:\/\/test.unestalacademy.se\/en\/wp-json\/wp\/v2\/media\/154"}],"wp:attachment":[{"href":"https:\/\/test.unestalacademy.se\/en\/wp-json\/wp\/v2\/media?parent=1676"}],"wp:term":[{"taxonomy":"product_brand","embeddable":true,"href":"https:\/\/test.unestalacademy.se\/en\/wp-json\/wp\/v2\/product_brand?post=1676"},{"taxonomy":"product_cat","embeddable":true,"href":"https:\/\/test.unestalacademy.se\/en\/wp-json\/wp\/v2\/product_cat?post=1676"},{"taxonomy":"product_tag","embeddable":true,"href":"https:\/\/test.unestalacademy.se\/en\/wp-json\/wp\/v2\/product_tag?post=1676"}],"curies":[{"name":"wp","href":"https:\/\/api.w.org\/{rel}","templated":true}]}}