{"id":1665,"date":"2024-02-28T09:01:21","date_gmt":"2024-02-28T07:01:21","guid":{"rendered":"https:\/\/test.unestalacademy.se\/product\/mental-traning-golf\/"},"modified":"2026-01-07T07:20:46","modified_gmt":"2026-01-07T05:20:46","slug":"mental-traning-golf","status":"publish","type":"product","link":"https:\/\/test.unestalacademy.se\/en\/product\/mental-traning-golf\/","title":{"rendered":"Mental training for golf"},"content":{"rendered":"<p>&nbsp;<\/p>\n<p class=\"MsoNormal\" style=\"margin: 0cm 0cm 0pt; line-height: normal;\"><strong><span style=\"font-size: 14pt;\"><span style=\"font-family: Calibri;\">MENTAL TRAINING GOLF<\/span><\/span><\/strong><\/p>\n<p>&nbsp;<\/p>\n<p>&nbsp;<\/p>\n<p class=\"MsoNormal\" style=\"margin: 0cm 0cm 0pt; line-height: normal;\"><strong><span style=\"font-size: 12pt;\"><span style=\"font-family: Calibri;\">COMMENTS ON THE TRAINING PROGRAMMES<\/span><\/span><\/strong><\/p>\n<p>&nbsp;<\/p>\n<p>&nbsp;<\/p>\n<p>&nbsp;<\/p>\n<p class=\"MsoNormal\" style=\"margin: 0cm 0cm 0pt; line-height: normal;\"><strong><span style=\"font-size: 12pt;\"><span style=\"font-family: Calibri;\">Programme 1. Objectives and targets<\/span><\/span><\/strong><\/p>\n<p>&nbsp;<\/p>\n<p class=\"MsoNormal\" style=\"margin: 0cm 0cm 0pt; line-height: normal;\"><span style=\"font-size: 12pt;\"><span style=\"font-family: Calibri;\">In your mental space (which you have acquired through mental basic training), you can take a mental journey into the future and see yourself playing golf even better than you do now. These images of development, which you create and integrate, will then guide your training and lead your body to achieving your goals.<\/span><\/span><\/p>\n<p>&nbsp;<\/p>\n<p>&nbsp;<\/p>\n<p class=\"MsoNormal\" style=\"margin: 0cm 0cm 0pt; line-height: normal;\"><strong><span style=\"font-size: 12pt;\"><span style=\"font-family: Calibri;\">Programme 2. Preparations for a training session<\/span><\/span><\/strong><\/p>\n<p>&nbsp;<\/p>\n<p class=\"MsoNormal\" style=\"margin: 0cm 0cm 0pt; line-height: normal;\"><span style=\"font-size: 12pt;\"><span style=\"font-family: Calibri;\">This programme is intended to be used before training sessions. Based on the long-term development plan that you programmed in programme 1, you can break it down into specific sub-goals for each training session. Create target images of what you want the training session to lead to. These goals instruct your body on what to do, which means that you can relax and \u201dlet your body do the work\u201d while you concentrate on giving your body the \u201dfeedback\u201d it needs.<\/span><\/span><\/p>\n<p>&nbsp;<\/p>\n<p>&nbsp;<\/p>\n<p class=\"MsoNormal\" style=\"margin: 0cm 0cm 0pt; line-height: normal;\"><span style=\"font-family: Calibri;\"><strong><span style=\"font-size: 12pt;\">Programme 3. Concentration training<\/span><\/strong><\/span><\/p>\n<p>&nbsp;<\/p>\n<p class=\"MsoNormal\" style=\"margin: 0cm 0cm 0pt; line-height: normal;\"><span style=\"font-size: 12pt;\"><span style=\"font-family: Calibri;\">In this programme, you will create two \u201dtriggers\u201d that you then link to a previous experience of total concentration. The aim is for you to automatically become concentrated as soon as you are about to hit or putt, and to do so in such a natural way that you don't even have to think about it.<\/span><\/span><\/p>\n<p>&nbsp;<\/p>\n<p>&nbsp;<\/p>\n<p class=\"MsoNormal\" style=\"margin: 0cm 0cm 0pt; line-height: normal;\"><strong><span style=\"font-size: 12pt;\"><span style=\"font-family: Calibri;\">Programme 4. Problem solving and attitude training<\/span><\/span><\/strong><\/p>\n<p>&nbsp;<\/p>\n<p class=\"MsoNormal\" style=\"margin: 0cm 0cm 0pt; line-height: normal;\"><span style=\"font-size: 12pt;\"><span style=\"font-family: Calibri;\">The title could also be \u201dMental Toughness Training\u201d. The aim is to teach you to grow by seeing problems as \u201dtasks to be solved\u201d and as challenges that constantly make you stronger both as a golfer and as a person. The programme also helps you maintain a positive attitude regardless of what happens on the golf course.<\/span><\/span><\/p>\n<p>&nbsp;<\/p>\n<p>&nbsp;<\/p>\n<p class=\"MsoNormal\" style=\"margin: 0cm 0cm 0pt; line-height: normal;\"><strong><span style=\"font-size: 12pt;\"><span style=\"font-family: Calibri;\">Programme 5. Golf joy and joyful golf<\/span><\/span><\/strong><\/p>\n<p>&nbsp;<\/p>\n<p class=\"MsoNormal\" style=\"margin: 0cm 0cm 0pt; line-height: normal;\"><span style=\"font-size: 12pt;\"><span style=\"font-family: Calibri;\">Training with this programme aims to give you even greater joy and satisfaction from your golf game. Irritation and frustration will disappear from the golf course forever, and golf will become a source of joy and enjoyment that will spread to the rest of your life.<\/span><\/span><\/p>\n<p>&nbsp;<\/p>\n<p>&nbsp;<\/p>\n<p class=\"MsoNormal\" style=\"margin: 0cm 0cm 0pt; line-height: normal;\"><strong><span style=\"font-size: 12pt;\"><span style=\"font-family: Calibri;\">Programme 6. Competition preparations<\/span><\/span><\/strong><\/p>\n<p>&nbsp;<\/p>\n<p class=\"MsoNormal\" style=\"margin: 0cm 0cm 0pt; line-height: normal;\"><span style=\"font-size: 12pt;\"><span style=\"font-family: Calibri;\">When you are in the flow, everything comes easily, good shots and putts become second nature, your body knows what to do and you don't need to think. To get there, it's important that you \u201dtell\u201d your body what to do before the competition. Since the body is controlled by internal images, you do a visual review of the competition in your mind and \u201dsee\u201d your body doing exactly what you want it to do. When you then arrive at the competition, you can calmly and confidently leave the actual performance to your body.<\/span><\/span><\/p>\n<p>&nbsp;<\/p>\n<p>&nbsp;<\/p>\n<p>&nbsp;<\/p>\n<p><strong><span style=\"font-size: 12pt;\">INTRODUCTION<\/span><\/strong><\/p>\n<p class=\"MsoNormal\" style=\"margin: 0cm 0cm 0pt; line-height: normal;\"><span style=\"font-size: 12pt;\"><span style=\"font-family: Calibri;\">This series of programmes can be used either separately or as part of a larger training package, where these programmes constitute the final stages. Ideally, you should have completed the basic mental training and self-image training before starting the mental training preparations. In any case, you should have practised creating a \u201dmental space\u201d, as the programmes in this training programme build on and make use of this mental space.<\/span><\/span><\/p>\n<p>&nbsp;<\/p>\n<p>&nbsp;<\/p>\n<p class=\"MsoNormal\" style=\"margin: 0cm 0cm 0pt; line-height: normal;\"><strong><span style=\"font-size: 12pt;\"><span style=\"font-family: Calibri;\">MENTAL TRAINING \u2013 GOLF<\/span><\/span><\/strong><\/p>\n<p>&nbsp;<\/p>\n<p class=\"MsoNormal\" style=\"margin: 0cm 0cm 0pt; line-height: normal;\"><span style=\"font-size: 12pt;\"><span style=\"font-family: Calibri;\">How many times has it been said that the mental aspect is crucial in golf? Golf is probably the sport where the importance of mental training is most evident. The game is so simple when it works, but it becomes complicated, to say the least, when things go wrong. But even though the mental aspect probably accounts for 70-80% of the result, mental training still accounts for a modest part of most golfers\u201d training. This may be largely due to a lack of knowledge about how to go about it. <strong>That is what mental training programmes aim to remedy.<\/strong> You will get the best results if you have already done the basic mental training before starting these programmes. You should practise the first programme 5-7 times before continuing with programme 3, which you also practise 5-7 times before programme 4 and then programme 5. The only exceptions are programme 2, which can and should be used before you go out to practise, and programme 6, which you use to prepare for the competitions you participate in.<\/span><\/span><\/p>\n<p>&nbsp;<\/p>\n<p>&nbsp;<\/p>\n<p>&nbsp;<\/p>","protected":false},"excerpt":{"rendered":"<p>&nbsp; MENTAL TR\u00c4NING GOLF &nbsp; &nbsp; KOMMENTARER TILL TR\u00c4NINGSPROGRAMMEN &nbsp; &nbsp; &nbsp; Program 1. M\u00e5ls\u00e4ttningar och m\u00e5lbilder &nbsp; I ditt mentala rum (som du skaffat dig i samband med den mentala grundtr\u00e4ningen) f\u00e5r du g\u00f6ra en mental resa till framtiden och se dig sj\u00e4lv spela golf p\u00e5 ett \u00e4nnu b\u00e4ttre s\u00e4tt \u00e4n du g\u00f6r just [&hellip;]<\/p>\n","protected":false},"featured_media":129,"template":"","meta":{"slim_seo":{"title":"Mental tr\u00e4ning golf - Mental Tr\u00e4ning - Unest\u00e5l","description":"&nbsp; MENTAL TR\u00c4NING GOLF &nbsp; &nbsp; KOMMENTARER TILL TR\u00c4NINGSPROGRAMMEN &nbsp; &nbsp; &nbsp; Program 1. M\u00e5ls\u00e4ttningar och m\u00e5lbilder &nbsp; I ditt mentala r"},"iawp_total_views":663},"product_brand":[],"product_cat":[155],"product_tag":[],"class_list":{"0":"post-1665","1":"product","2":"type-product","3":"status-publish","4":"has-post-thumbnail","6":"product_cat-sport-excellens","8":"first","9":"instock","10":"downloadable","11":"taxable","12":"shipping-taxable","13":"purchasable","14":"product-type-simple"},"_links":{"self":[{"href":"https:\/\/test.unestalacademy.se\/en\/wp-json\/wp\/v2\/product\/1665","targetHints":{"allow":["GET"]}}],"collection":[{"href":"https:\/\/test.unestalacademy.se\/en\/wp-json\/wp\/v2\/product"}],"about":[{"href":"https:\/\/test.unestalacademy.se\/en\/wp-json\/wp\/v2\/types\/product"}],"wp:featuredmedia":[{"embeddable":true,"href":"https:\/\/test.unestalacademy.se\/en\/wp-json\/wp\/v2\/media\/129"}],"wp:attachment":[{"href":"https:\/\/test.unestalacademy.se\/en\/wp-json\/wp\/v2\/media?parent=1665"}],"wp:term":[{"taxonomy":"product_brand","embeddable":true,"href":"https:\/\/test.unestalacademy.se\/en\/wp-json\/wp\/v2\/product_brand?post=1665"},{"taxonomy":"product_cat","embeddable":true,"href":"https:\/\/test.unestalacademy.se\/en\/wp-json\/wp\/v2\/product_cat?post=1665"},{"taxonomy":"product_tag","embeddable":true,"href":"https:\/\/test.unestalacademy.se\/en\/wp-json\/wp\/v2\/product_tag?post=1665"}],"curies":[{"name":"wp","href":"https:\/\/api.w.org\/{rel}","templated":true}]}}