{"id":1664,"date":"2024-02-28T09:01:21","date_gmt":"2024-02-28T07:01:21","guid":{"rendered":"https:\/\/test.unestalacademy.se\/product\/mental-traning-for-seniorer\/"},"modified":"2026-01-07T07:20:46","modified_gmt":"2026-01-07T05:20:46","slug":"mental-traning-for-seniorer","status":"publish","type":"product","link":"https:\/\/test.unestalacademy.se\/en\/product\/mental-traning-for-seniorer\/","title":{"rendered":"Mental training for seniors"},"content":{"rendered":"<p>&nbsp;<\/p>\n<p class=\"MsoNormal\" style=\"margin: 0cm 0cm 0pt; line-height: normal;\"><strong><span style=\"font-size: 14pt;\"><span style=\"font-family: Calibri;\">MENTAL TRAINING<\/span><\/span><\/strong><\/p>\n<p>&nbsp;<\/p>\n<p class=\"MsoNormal\" style=\"margin: 0cm 0cm 0pt; line-height: normal;\"><span style=\"font-size: 14pt;\"><span style=\"font-family: Calibri;\">for seniors<\/span><\/span><\/p>\n<p>&nbsp;<\/p>\n<p>&nbsp;<\/p>\n<p class=\"MsoNormal\" style=\"margin: 0cm 0cm 10pt;\"><strong><span style=\"line-height: 115%; font-size: 12pt;\"><span style=\"font-family: Calibri;\">MENTAL TRAINING FOR SENIORS<\/span><\/span><\/strong><\/p>\n<p>&nbsp;<\/p>\n<p class=\"MsoNormal\" style=\"margin: 0cm 0cm 10pt;\"><span style=\"line-height: 115%; font-size: 12pt;\"><span style=\"font-family: Calibri;\">This training programme contains five different programmes. The idea is that you train the first three in order (5-7 times per programme before moving on to the next). You can then train programme 4 for as long as you like, and use the last programme as needed.<\/span><\/span><\/p>\n<p>&nbsp;<\/p>\n<p class=\"MsoNormal\" style=\"margin: 0cm 0cm 10pt;\"><strong><span style=\"line-height: 115%; font-size: 12pt;\"><span style=\"font-family: Calibri;\">PROGRAMME 1 \u2013 MUSCULAR RELAXATION<\/span><\/span><\/strong><\/p>\n<p>&nbsp;<\/p>\n<p class=\"MsoNormal\" style=\"margin: 0cm 0cm 10pt;\"><span style=\"line-height: 115%; font-size: 12pt;\"><span style=\"font-family: Calibri;\">We often have unnecessary muscle tension, which takes energy and reduces our performance. It can also cause pain and other problems. With the help of this programme, you will reduce your basic tension and learn what true relaxation is.<\/span><\/span><\/p>\n<p>&nbsp;<\/p>\n<p class=\"MsoNormal\" style=\"margin: 0cm 0cm 10pt;\"><strong><span style=\"line-height: 115%; font-size: 12pt;\"><span style=\"font-family: Calibri;\">PROGRAMME 2 \u2013 \u201dTHE MENTAL SPACE\u201d<\/span><\/span><\/strong><\/p>\n<p>&nbsp;<\/p>\n<p class=\"MsoNormal\" style=\"margin: 0cm 0cm 10pt;\"><span style=\"line-height: 115%; font-size: 12pt;\"><span style=\"font-family: Calibri;\">In this programme, you will create an inner space that gives you inner peace, which will be with you in all circumstances of life. In this room or space, you will learn to rest effectively and to influence yourself through instructions, thoughts and images.<\/span><\/span><\/p>\n<p>&nbsp;<\/p>\n<p class=\"MsoNormal\" style=\"margin: 0cm 0cm 10pt;\"><strong><span style=\"line-height: 115%; font-size: 12pt;\"><span style=\"font-family: Calibri;\">PROGRAMME 3 \u2013 SELF-CONFIDENCE TRAINING<\/span><\/span><\/strong><\/p>\n<p>&nbsp;<\/p>\n<p class=\"MsoNormal\" style=\"margin: 0cm 0cm 10pt;\"><span style=\"line-height: 115%; font-size: 12pt;\"><span style=\"font-family: Calibri;\">A positive self-image is one of the most important parts of a good life. The programme provides you with self-empowering suggestions and images that increase your friendship with yourself and improve your relationships with those around you. It also helps you reduce stress in your life and create an attitude of positive thinking and optimism.<\/span><\/span><\/p>\n<p>&nbsp;<\/p>\n<p class=\"MsoNormal\" style=\"margin: 0cm 0cm 10pt;\"><strong><span style=\"line-height: 115%; font-size: 12pt;\"><span style=\"font-family: Calibri;\">PROGRAMME 4 \u2013 THE POSITIVE SENIOR CITIZEN<\/span><\/span><\/strong><\/p>\n<p>&nbsp;<\/p>\n<p class=\"MsoNormal\" style=\"margin: 0cm 0cm 10pt;\"><span style=\"line-height: 115%; font-size: 12pt;\"><span style=\"font-family: Calibri;\">The programme is designed to help you appreciate life as a senior citizen even more. Here you will have the opportunity to build meaning in your life and create a positive sense of identity as a senior citizen.<\/span><\/span><\/p>\n<p>&nbsp;<\/p>\n<p class=\"MsoNormal\" style=\"margin: 0cm 0cm 10pt;\"><strong><span style=\"line-height: 115%; font-size: 12pt;\"><span style=\"font-family: Calibri;\">PROGRAMME 5 \u2013 REST AND SLEEP<\/span><\/span><\/strong><\/p>\n<p>&nbsp;<\/p>\n<p class=\"MsoNormal\" style=\"margin: 0cm 0cm 10pt;\"><span style=\"line-height: 115%; font-size: 12pt;\"><span style=\"font-family: Calibri;\">You rest and recover both when you sleep and when you relax. In addition, it is easier to enjoy life before and after sleep than during sleep. Through this combination of relaxed and enjoyable rest and relaxed and effective sleep, your body and mind get the rest, recovery and energy you need to function and feel good.<\/span><\/span><\/p>\n<p>&nbsp;<\/p>\n<p>&nbsp;<\/p>\n<p>&nbsp;<\/p>\n<p><strong><span style=\"line-height: 115%; font-size: 12pt;\"><span style=\"font-family: Calibri;\">MENTAL TRAINING FOR SENIORS<\/span><\/span><\/strong><\/p>\n<p class=\"MsoNormal\" style=\"margin: 0cm 0cm 10pt;\"><span style=\"line-height: 115%; font-size: 12pt;\"><span style=\"font-family: Calibri;\">Mental Training works with lifelong learning and personal development that can also continue throughout life. Not least during the transition to senior age, when there is often a decline in quality of life factors such as a sense of purpose (being important and meaningful), identity (often linked to one's profession) and social network (colleagues disappear), it can be important to find tools to build a new life with good quality of life, where these important areas are compensated for. This is where mental training can be of great importance.<\/span><\/span><\/p>\n<p>&nbsp;<\/p>\n<p>&nbsp;<\/p>","protected":false},"excerpt":{"rendered":"<p>&nbsp; MENTAL TR\u00c4NING &nbsp; f\u00f6r seniorer &nbsp; &nbsp; MENTAL TR\u00c4NING F\u00d6R SENIORER &nbsp; P\u00e5 detta tr\u00e4ningsprogram hittar du fem olika program. Meningen \u00e4r att du tr\u00e4nar de f\u00f6rsta tre i tur och ordning (5-7 g\u00e5nger per program innan du forts\u00e4tter till n\u00e4sta). Program 4 kan du sedan tr\u00e4na s\u00e5 l\u00e4nge du vill och det sista [&hellip;]<\/p>\n","protected":false},"featured_media":127,"template":"","meta":{"slim_seo":{"title":"Mental tr\u00e4ning f\u00f6r seniorer - Mental Tr\u00e4ning - Unest\u00e5l","description":"&nbsp; MENTAL TR\u00c4NING &nbsp; f\u00f6r seniorer &nbsp; &nbsp; MENTAL TR\u00c4NING F\u00d6R SENIORER &nbsp; P\u00e5 detta tr\u00e4ningsprogram hittar du fem olika program. Meningen \u00e4r att"},"iawp_total_views":207},"product_brand":[],"product_cat":[153],"product_tag":[],"class_list":{"0":"post-1664","1":"product","2":"type-product","3":"status-publish","4":"has-post-thumbnail","6":"product_cat-battre-halsa","8":"first","9":"instock","10":"downloadable","11":"taxable","12":"shipping-taxable","13":"purchasable","14":"product-type-simple"},"_links":{"self":[{"href":"https:\/\/test.unestalacademy.se\/en\/wp-json\/wp\/v2\/product\/1664","targetHints":{"allow":["GET"]}}],"collection":[{"href":"https:\/\/test.unestalacademy.se\/en\/wp-json\/wp\/v2\/product"}],"about":[{"href":"https:\/\/test.unestalacademy.se\/en\/wp-json\/wp\/v2\/types\/product"}],"wp:featuredmedia":[{"embeddable":true,"href":"https:\/\/test.unestalacademy.se\/en\/wp-json\/wp\/v2\/media\/127"}],"wp:attachment":[{"href":"https:\/\/test.unestalacademy.se\/en\/wp-json\/wp\/v2\/media?parent=1664"}],"wp:term":[{"taxonomy":"product_brand","embeddable":true,"href":"https:\/\/test.unestalacademy.se\/en\/wp-json\/wp\/v2\/product_brand?post=1664"},{"taxonomy":"product_cat","embeddable":true,"href":"https:\/\/test.unestalacademy.se\/en\/wp-json\/wp\/v2\/product_cat?post=1664"},{"taxonomy":"product_tag","embeddable":true,"href":"https:\/\/test.unestalacademy.se\/en\/wp-json\/wp\/v2\/product_tag?post=1664"}],"curies":[{"name":"wp","href":"https:\/\/api.w.org\/{rel}","templated":true}]}}