{"id":1663,"date":"2024-02-28T09:01:21","date_gmt":"2024-02-28T07:01:21","guid":{"rendered":"https:\/\/test.unestalacademy.se\/product\/mental-traning-for-barn-ungdom\/"},"modified":"2026-01-07T07:20:46","modified_gmt":"2026-01-07T05:20:46","slug":"mental-traning-for-barn-ungdom","status":"publish","type":"product","link":"https:\/\/test.unestalacademy.se\/en\/product\/mental-traning-for-barn-ungdom\/","title":{"rendered":"Mental training for children and young people"},"content":{"rendered":"<p>MENTAL TRAINING FOR CHILDREN &amp; YOUNG PEOPLE<\/p>\n<p>Ten programmes that teach mental training and give you the opportunity to work on your own personal development. These programmes strengthen your self-confidence and self-esteem and give you the opportunity to create attractive visions of the future. You also get the chance to develop mental abilities such as concentration and creativity. Finally, you will practise creating a positive attitude towards life (optimism) and identifying and creating positive emotional states that promote performance and well-being. Each programme should be practised 5-7 times before moving on to the next one.<\/p>","protected":false},"excerpt":{"rendered":"<p>MENTAL TR\u00c4NING F\u00d6R BARN &amp; UNGDOM Tio program som l\u00e4r ut den mentala tr\u00e4ningen och d\u00e4r man f\u00e5r m\u00f6jlighet att arbeta med sin egen personliga utveckling. H\u00e4r st\u00e4rks sj\u00e4lvf\u00f6rtroendet och sj\u00e4lvk\u00e4nslan och h\u00e4r f\u00e5r man m\u00f6jlighet att skapa attraktiva framtidsbilder. Dessutom f\u00e5r man tillf\u00e4lle att utveckla mentala f\u00f6rm\u00e5gor som koncentration och kreativitet. Till slut f\u00e5r [&hellip;]<\/p>\n","protected":false},"featured_media":125,"template":"","meta":{"slim_seo":{"title":"Mental tr\u00e4ning f\u00f6r barn & ungdom - Mental Tr\u00e4ning - Unest\u00e5l","description":"MENTAL TR\u00c4NING F\u00d6R BARN &amp; UNGDOM Tio program som l\u00e4r ut den mentala tr\u00e4ningen och d\u00e4r man f\u00e5r m\u00f6jlighet att arbeta med sin egen personliga utveckling. H\u00e4r s"},"iawp_total_views":324},"product_brand":[],"product_cat":[156],"product_tag":[],"class_list":{"0":"post-1663","1":"product","2":"type-product","3":"status-publish","4":"has-post-thumbnail","6":"product_cat-barn-ungdom","8":"first","9":"instock","10":"downloadable","11":"taxable","12":"shipping-taxable","13":"purchasable","14":"product-type-simple"},"_links":{"self":[{"href":"https:\/\/test.unestalacademy.se\/en\/wp-json\/wp\/v2\/product\/1663","targetHints":{"allow":["GET"]}}],"collection":[{"href":"https:\/\/test.unestalacademy.se\/en\/wp-json\/wp\/v2\/product"}],"about":[{"href":"https:\/\/test.unestalacademy.se\/en\/wp-json\/wp\/v2\/types\/product"}],"wp:featuredmedia":[{"embeddable":true,"href":"https:\/\/test.unestalacademy.se\/en\/wp-json\/wp\/v2\/media\/125"}],"wp:attachment":[{"href":"https:\/\/test.unestalacademy.se\/en\/wp-json\/wp\/v2\/media?parent=1663"}],"wp:term":[{"taxonomy":"product_brand","embeddable":true,"href":"https:\/\/test.unestalacademy.se\/en\/wp-json\/wp\/v2\/product_brand?post=1663"},{"taxonomy":"product_cat","embeddable":true,"href":"https:\/\/test.unestalacademy.se\/en\/wp-json\/wp\/v2\/product_cat?post=1663"},{"taxonomy":"product_tag","embeddable":true,"href":"https:\/\/test.unestalacademy.se\/en\/wp-json\/wp\/v2\/product_tag?post=1663"}],"curies":[{"name":"wp","href":"https:\/\/api.w.org\/{rel}","templated":true}]}}