{"id":1659,"date":"2024-02-28T09:01:21","date_gmt":"2024-02-28T07:01:21","guid":{"rendered":"https:\/\/test.unestalacademy.se\/product\/mentaalinen-perusharjoitus\/"},"modified":"2024-08-28T10:53:23","modified_gmt":"2024-08-28T08:53:23","slug":"mentaalinen-perusharjoitus","status":"publish","type":"product","link":"https:\/\/test.unestalacademy.se\/en\/product\/mentaalinen-perusharjoitus\/","title":{"rendered":"Mental Basic Training"},"content":{"rendered":"<p><strong>OSA 1 Mental coaching 1 (4 weeks)<\/strong><\/p>\n<p>Programme 1: Muscle relaxation 1 (3 weeks)<br \/>\nProgramme 2: Muscle relaxation 2 (1 week)<\/p>\n<p><strong>OSA 2 Mental coaching<\/strong><span class=\"redactor-invisible-space\"><strong> 2 (3 weeks)<\/strong><\/span><\/p>\n<p><span class=\"redactor-invisible-space\">Programme 3: Mental relaxation 1 (1.5 weeks)<br \/>\nProgramme 4: Relaxation of the mind<span class=\"redactor-invisible-space\"> 2 (1.5 vk)<\/span><\/span><\/p>\n<p><span class=\"redactor-invisible-space\"><span class=\"redactor-invisible-space\"><strong>Objective;<\/strong><br \/>\nLearn effective relaxation techniques<br \/>\nLearn relaxing efficiency<br \/>\nCreate an internal job<br \/>\nLearn self-hypnosis<\/span><\/span><\/p>\n<p><span class=\"redactor-invisible-space\"><span class=\"redactor-invisible-space\"><strong>Relaxation<\/strong><br \/>\nThe factor that distinguishes a good athlete, musician, singer, etc. from a less good one seems to be their ability to keep their opposing muscles relaxed. To achieve this, you must first learn to relax all your muscles. You will learn this during the first two programmes. During the first three weeks, you will learn the difference between tension and relaxation by working systematically with the muscles of your body. During the fourth week, you will achieve the desired effect by mentally going through the muscles in question. The exercise reduces basic tension, which allows us to function better and perform better in various tasks, while saving energy.<\/span><\/span><\/p>\n<p><span class=\"redactor-invisible-space\"><span class=\"redactor-invisible-space\"><strong>Self-hypnosis<\/strong><br \/>\nIn the third programme, the self-hypnosis exercise begins by creating an inner room for yourself. You can decide what it looks like; it could be in nature or a room you have been in before. Don't think too much about it, just choose whatever comes to mind. The most important thing is that you learn to find your way there and enjoy being there. In the fourth programme on the CD, you then \u201ddecorate\u201d your inner room with a few aids that facilitate working with images and suggestions.<\/span><\/span><\/p>","protected":false},"excerpt":{"rendered":"<p>OSA 1 Henkinen valmennus 1 (4 viikkoa) Ohjelma 1: Lihasrentoutus 1 (3 vk) Ohjelma 2: Lihasrentoutus 2 (1 vk) OSA 2 Henkinen valmennus 2 (3 viikkoa) Ohjelma 3: Mielen rentoutus 1 (1,5 vk) Ohjelma 4: Mielen rentoutus 2 (1,5 vk) Tavoite; Oppia tehokas rentoutuminen Oppia rentouttava tehokkuus Luoda sis\u00e4inen ty\u00f6paikka Oppia itsehypnoosi Rentoutuminen Tekij\u00e4, joka [&hellip;]<\/p>\n","protected":false},"featured_media":117,"template":"","meta":{"slim_seo":{"title":"Mentaalinen Perusharjoitus - Mental Tr\u00e4ning - Unest\u00e5l","description":"OSA 1 Henkinen valmennus 1 (4 viikkoa) Ohjelma 1: Lihasrentoutus 1 (3 vk) Ohjelma 2: Lihasrentoutus 2 (1 vk) OSA 2 Henkinen valmennus 2 (3 viikkoa) Ohjelma 3: M"},"iawp_total_views":21},"product_brand":[],"product_cat":[159,158],"product_tag":[],"class_list":{"0":"post-1659","1":"product","2":"type-product","3":"status-publish","4":"has-post-thumbnail","6":"product_cat-finska","7":"product_cat-utlandska-program","9":"first","10":"instock","11":"downloadable","12":"purchasable","13":"product-type-simple"},"_links":{"self":[{"href":"https:\/\/test.unestalacademy.se\/en\/wp-json\/wp\/v2\/product\/1659","targetHints":{"allow":["GET"]}}],"collection":[{"href":"https:\/\/test.unestalacademy.se\/en\/wp-json\/wp\/v2\/product"}],"about":[{"href":"https:\/\/test.unestalacademy.se\/en\/wp-json\/wp\/v2\/types\/product"}],"wp:featuredmedia":[{"embeddable":true,"href":"https:\/\/test.unestalacademy.se\/en\/wp-json\/wp\/v2\/media\/117"}],"wp:attachment":[{"href":"https:\/\/test.unestalacademy.se\/en\/wp-json\/wp\/v2\/media?parent=1659"}],"wp:term":[{"taxonomy":"product_brand","embeddable":true,"href":"https:\/\/test.unestalacademy.se\/en\/wp-json\/wp\/v2\/product_brand?post=1659"},{"taxonomy":"product_cat","embeddable":true,"href":"https:\/\/test.unestalacademy.se\/en\/wp-json\/wp\/v2\/product_cat?post=1659"},{"taxonomy":"product_tag","embeddable":true,"href":"https:\/\/test.unestalacademy.se\/en\/wp-json\/wp\/v2\/product_tag?post=1659"}],"curies":[{"name":"wp","href":"https:\/\/api.w.org\/{rel}","templated":true}]}}