{"id":1648,"date":"2024-02-28T09:01:19","date_gmt":"2024-02-28T07:01:19","guid":{"rendered":"https:\/\/test.unestalacademy.se\/product\/framtiden\/"},"modified":"2026-01-07T07:21:16","modified_gmt":"2026-01-07T05:21:16","slug":"framtiden","status":"publish","type":"product","link":"https:\/\/test.unestalacademy.se\/en\/product\/framtiden\/","title":{"rendered":"The future"},"content":{"rendered":"<p>A GIFT FROM UNEST\u00c5L EDUCATION<\/p>\n<p>The programme<br \/>\nis about how you want your future to be. Lars-Eric Unest\u00e5l will guide you to<br \/>\nprogram your desired future position in three important areas of life.<\/p>\n<p>1: work \/ hobby \/ school.<\/p>\n<p>2: Relationships<\/p>\n<p>3: Health<\/p>\n<p>We wish you happiness and success.<br \/>\nin all areas.<\/p>","protected":false},"excerpt":{"rendered":"<p>EN G\u00c5VA FR\u00c5N UNEST\u00c5L EDUCATION Programmet handlar om hur du vill ha din framtid. Du blir guidad av Lars-Eric Unest\u00e5l att programmera in ditt \u00f6nskade l\u00e4ge i framtiden p\u00e5 tre viktiga omr\u00e5den i livet. 1: arbete \/ hobby\/ skola. 2: Relationer 3: H\u00e4lsa Vi \u00f6nskar dig lycka och framg\u00e5ng p\u00e5 alla omr\u00e5dena.<\/p>","protected":false},"featured_media":74,"template":"","meta":{"slim_seo":{"title":"Framtiden - Mental Tr\u00e4ning - Unest\u00e5l","description":"EN G\u00c5VA FR\u00c5N UNEST\u00c5L EDUCATION Programmet handlar om hur du vill ha din framtid. Du blir guidad av Lars-Eric Unest\u00e5l att programmera in ditt \u00f6nskade l\u00e4ge i fram"},"iawp_total_views":796},"product_brand":[],"product_cat":[157,86],"product_tag":[],"class_list":{"0":"post-1648","1":"product","2":"type-product","3":"status-publish","4":"has-post-thumbnail","6":"product_cat-gratisprogram","7":"product_cat-personlig-utveckling","9":"first","10":"instock","11":"downloadable","12":"taxable","13":"shipping-taxable","14":"purchasable","15":"product-type-simple"},"_links":{"self":[{"href":"https:\/\/test.unestalacademy.se\/en\/wp-json\/wp\/v2\/product\/1648","targetHints":{"allow":["GET"]}}],"collection":[{"href":"https:\/\/test.unestalacademy.se\/en\/wp-json\/wp\/v2\/product"}],"about":[{"href":"https:\/\/test.unestalacademy.se\/en\/wp-json\/wp\/v2\/types\/product"}],"wp:featuredmedia":[{"embeddable":true,"href":"https:\/\/test.unestalacademy.se\/en\/wp-json\/wp\/v2\/media\/74"}],"wp:attachment":[{"href":"https:\/\/test.unestalacademy.se\/en\/wp-json\/wp\/v2\/media?parent=1648"}],"wp:term":[{"taxonomy":"product_brand","embeddable":true,"href":"https:\/\/test.unestalacademy.se\/en\/wp-json\/wp\/v2\/product_brand?post=1648"},{"taxonomy":"product_cat","embeddable":true,"href":"https:\/\/test.unestalacademy.se\/en\/wp-json\/wp\/v2\/product_cat?post=1648"},{"taxonomy":"product_tag","embeddable":true,"href":"https:\/\/test.unestalacademy.se\/en\/wp-json\/wp\/v2\/product_tag?post=1648"}],"curies":[{"name":"wp","href":"https:\/\/api.w.org\/{rel}","templated":true}]}}