{"id":1645,"date":"2024-02-28T09:01:19","date_gmt":"2024-02-28T07:01:19","guid":{"rendered":"https:\/\/test.unestalacademy.se\/product\/dreamteam-pedagogisk-uppladdning\/"},"modified":"2026-01-07T07:21:16","modified_gmt":"2026-01-07T05:21:16","slug":"dreamteam-pedagogisk-uppladdning","status":"publish","type":"product","link":"https:\/\/test.unestalacademy.se\/en\/product\/dreamteam-pedagogisk-uppladdning\/","title":{"rendered":"Dream team educational preparation"},"content":{"rendered":"<div><\/div>\n<div>\n<p>&nbsp;<\/p>\n<div><\/div>\n<div class=\"MsoNormal\" style=\"margin: 0cm 0cm 0pt; line-height: normal;\"><strong><span style=\"font-size: 14pt;\"><span style=\"font-family: Calibri;\">Tutoring - Dream Team<\/span><\/span><\/strong><\/div>\n<div><\/div>\n<div class=\"MsoNormal\" style=\"margin: 0cm 0cm 0pt; line-height: normal;\"><strong><span style=\"font-size: 14pt;\"><span style=\"font-family: Calibri;\">Educational preparation, training programme with help for self-help <\/span><\/span><\/strong><\/div>\n<div><\/div>\n<div class=\"MsoNormal\" style=\"margin: 0cm 0cm 0pt; line-height: normal;\"><\/div>\n<div><\/div>\n<div class=\"MsoNormal\" style=\"margin: 0cm 0cm 0pt; line-height: normal;\"><\/div>\n<div><\/div>\n<div class=\"MsoNormal\" style=\"margin: 0cm 0cm 0pt; line-height: normal;\"><span style=\"font-size: small;\"><span style=\"font-family: Calibri;\"><strong>THE TEAM IS THE KEY TODAY <\/strong>to increases in efficiency and performance in working life. A good team has shared and attractive goals that create commitment, motivation and job satisfaction, and which permeate and guide every part of the business. Goal programming is therefore the central theme of the CD. The 10 programmes on this CD help the team to perform better through \u201deducational preparation\u201d. Choose a programme depending on what you want to achieve with the meeting.<\/span><\/span><\/div>\n<div><\/div>\n<div class=\"MsoNormal\" style=\"margin: 0cm 0cm 0pt; line-height: normal;\"><\/div>\n<div><\/div>\n<div class=\"MsoNormal\" style=\"margin: 0cm 0cm 0pt; line-height: normal;\"><strong><span style=\"font-size: small;\"><span style=\"font-family: Calibri;\">1-2. TARGET PROGRAMMING<\/span><\/span><\/strong><\/div>\n<div><\/div>\n<div class=\"MsoNormal\" style=\"margin: 0cm 0cm 0pt; line-height: normal;\"><span style=\"font-size: small;\"><span style=\"font-family: Calibri;\">In these two programmes, you get to think through what you want to get out of the upcoming meeting. If you haven't trained mentally before, choose the long programme.<\/span><\/span><\/div>\n<div><\/div>\n<div class=\"MsoNormal\" style=\"margin: 0cm 0cm 0pt; line-height: normal;\"><\/div>\n<div><\/div>\n<div class=\"MsoNormal\" style=\"margin: 0cm 0cm 0pt; line-height: normal;\"><strong><span style=\"font-size: small;\"><span style=\"font-family: Calibri;\">3. MENTAL TOUGHNESS<\/span><\/span><\/strong><\/div>\n<div><\/div>\n<div class=\"MsoNormal\" style=\"margin: 0cm 0cm 0pt; line-height: normal;\"><span style=\"font-size: small;\"><span style=\"font-family: Calibri;\">Reduced fear of problems and difficulties increases mental toughness and helps you focus on solutions and opportunities.<\/span><\/span><\/div>\n<div><\/div>\n<div class=\"MsoNormal\" style=\"margin: 0cm 0cm 0pt; line-height: normal;\"><\/div>\n<div><\/div>\n<div class=\"MsoNormal\" style=\"margin: 0cm 0cm 0pt; line-height: normal;\"><strong><span style=\"font-size: small;\"><span style=\"font-family: Calibri;\">4. COOPERATION<\/span><\/span><\/strong><\/div>\n<div><\/div>\n<div class=\"MsoNormal\" style=\"margin: 0cm 0cm 0pt; line-height: normal;\"><span style=\"font-size: small;\"><span style=\"font-family: Calibri;\">Good collaboration between team members can mean that 1+1 becomes 3.<\/span><\/span><\/div>\n<div><\/div>\n<div class=\"MsoNormal\" style=\"margin: 0cm 0cm 0pt; line-height: normal;\"><\/div>\n<div><\/div>\n<div class=\"MsoNormal\" style=\"margin: 0cm 0cm 0pt; line-height: normal;\"><span style=\"font-size: small;\"><span style=\"font-family: Calibri;\"><strong>5. SELF-AWARENESS AND INNER SECURITY<\/strong><\/span><\/span><\/div>\n<div><\/div>\n<div class=\"MsoNormal\" style=\"margin: 0cm 0cm 0pt; line-height: normal;\"><span style=\"font-size: small;\"><span style=\"font-family: Calibri;\">This programme accelerates the development of the team's self-image and confidence.<\/span><\/span><\/div>\n<div><\/div>\n<div class=\"MsoNormal\" style=\"margin: 0cm 0cm 0pt; line-height: normal;\"><\/div>\n<div><\/div>\n<div class=\"MsoNormal\" style=\"margin: 0cm 0cm 0pt; line-height: normal;\"><strong><span style=\"font-size: small;\"><span style=\"font-family: Calibri;\">6. QUALITY AND RESPONSIBILITY<\/span><\/span><\/strong><\/div>\n<div><\/div>\n<div class=\"MsoNormal\" style=\"margin: 0cm 0cm 0pt; line-height: normal;\"><span style=\"font-size: small;\"><span style=\"font-family: Calibri;\">The word \"quality\" is on everyone's lips these days, but here the emphasis is on the fundamentals: personal quality. Here you can create a vision of what better quality means for you, for the team and for the entire organisation. You will both feel a sense of responsibility and experience the joy that quality development can bring.<\/span><\/span><\/div>\n<div><\/div>\n<div class=\"MsoNormal\" style=\"margin: 0cm 0cm 0pt; line-height: normal;\"><\/div>\n<div><\/div>\n<div class=\"MsoNormal\" style=\"margin: 0cm 0cm 0pt; line-height: normal;\"><span style=\"font-size: small;\"><span style=\"font-family: Calibri;\"><strong>7. RELAXED EFFICIENCY AND JOB SATISFACTION<\/strong><\/span><\/span><\/div>\n<div><\/div>\n<div class=\"MsoNormal\" style=\"margin: 0cm 0cm 0pt; line-height: normal;\"><span style=\"font-size: small;\"><span style=\"font-family: Calibri;\">Relaxed efficiency means a feeling of \u201dflow,\u201d where the right ideas and decisions come without you having to make an effort. An athlete has the same experience when they are at their best. At the same time, there is a sense of joy that you are needed and that you are an important part of the team. A sense of mission creates a strong feeling of satisfaction and joy.<\/span><\/span><\/div>\n<div><\/div>\n<div class=\"MsoNormal\" style=\"margin: 0cm 0cm 0pt; line-height: normal;\"><\/div>\n<div><\/div>\n<div class=\"MsoNormal\" style=\"margin: 0cm 0cm 0pt; line-height: normal;\"><strong><span style=\"font-size: small;\"><span style=\"font-family: Calibri;\">8. EVERYDAY LEARNING<\/span><\/span><\/strong><\/div>\n<div><\/div>\n<div class=\"MsoNormal\" style=\"margin: 0cm 0cm 0pt; line-height: normal;\"><span style=\"font-size: small;\"><span style=\"font-family: Calibri;\">Everyday learning involves lifelong learning where textbooks consist of everyday events. Questions such as: What have I learned today that has helped me develop as a person? Or who have I learned the most from today? These are important questions in \u201deveryday learning\u201d. You can apply this to the upcoming meeting.<\/span><\/span><\/div>\n<div><\/div>\n<div class=\"MsoNormal\" style=\"margin: 0cm 0cm 0pt; line-height: normal;\"><\/div>\n<div><\/div>\n<div class=\"MsoNormal\" style=\"margin: 0cm 0cm 0pt; line-height: normal;\"><strong><span style=\"font-size: small;\"><span style=\"font-family: Calibri;\">9. LIFELONG DEVELOPMENT<\/span><\/span><\/strong><\/div>\n<div><\/div>\n<div class=\"MsoNormal\" style=\"margin: 0cm 0cm 0pt; line-height: normal;\"><span style=\"font-size: small;\"><span style=\"font-family: Calibri;\">Concepts such as \u201dlearning organisation\u201d and \u201dlifelong learning\u201d are buzzwords today and are found at the corporate level (ABB's 3 L project), at the societal level (the government's policy statement) and at the global level (the EU's lifelong learning initiative). In this programme, you will explore what this means for you, your team and your organisation. You will also experience the joy associated with connecting life as a whole to learning, education and development.<\/span><\/span><\/div>\n<div><\/div>\n<div class=\"MsoNormal\" style=\"margin: 0cm 0cm 0pt; line-height: normal;\"><\/div>\n<div><\/div>\n<div class=\"MsoNormal\" style=\"margin: 0cm 0cm 0pt; line-height: normal;\"><strong><span style=\"font-size: small;\"><span style=\"font-family: Calibri;\">10. OWN UPLOAD<\/span><\/span><\/strong><\/div>\n<div><\/div>\n<div class=\"MsoNormal\" style=\"margin: 0cm 0cm 0pt; line-height: normal;\"><span style=\"font-size: small;\"><span style=\"font-family: Calibri;\">With the background music you are accustomed to, you will have the opportunity to relax and unwind on your own, as well as decide what you want to programme and what effects you want the meeting and your own training to lead to.<\/span><\/span><\/div>\n<div><\/div>\n<p>&nbsp;<\/p>\n<\/div>\n<div><\/div>\n<div><\/div>","protected":false},"excerpt":{"rendered":"<p>&nbsp; Handledning-Dreamteam Pedagogisk uppladdning, tr\u00e4ningsprogram med hj\u00e4lp till sj\u00e4lvhj\u00e4lp TEAMET \u00c4R IDAG NYCKELN till effektivitets- och prestationsh\u00f6jningar inom arbetslivet. Ett bra team har gemensamma och attraktiva m\u00e5lbilder som skapar engagemang, motivation och arbetsgl\u00e4dje och som genomsyrar och styr varje del av verksamheten. M\u00e5lprogrammering \u00e4r d\u00e4rf\u00f6r det centrala temat p\u00e5 cd:n. De 10 programmen p\u00e5 denna [&hellip;]<\/p>\n","protected":false},"featured_media":68,"template":"","meta":{"slim_seo":{"title":"Dreamteam pedagogisk uppladdning - Mental Tr\u00e4ning - Unest\u00e5l","description":"&nbsp; Handledning-Dreamteam Pedagogisk uppladdning, tr\u00e4ningsprogram med hj\u00e4lp till sj\u00e4lvhj\u00e4lp TEAMET \u00c4R IDAG NYCKELN till effektivitets- och prestationsh\u00f6jning"},"iawp_total_views":63},"product_brand":[],"product_cat":[86],"product_tag":[],"class_list":{"0":"post-1645","1":"product","2":"type-product","3":"status-publish","4":"has-post-thumbnail","6":"product_cat-personlig-utveckling","8":"first","9":"instock","10":"downloadable","11":"taxable","12":"shipping-taxable","13":"purchasable","14":"product-type-simple"},"_links":{"self":[{"href":"https:\/\/test.unestalacademy.se\/en\/wp-json\/wp\/v2\/product\/1645","targetHints":{"allow":["GET"]}}],"collection":[{"href":"https:\/\/test.unestalacademy.se\/en\/wp-json\/wp\/v2\/product"}],"about":[{"href":"https:\/\/test.unestalacademy.se\/en\/wp-json\/wp\/v2\/types\/product"}],"wp:featuredmedia":[{"embeddable":true,"href":"https:\/\/test.unestalacademy.se\/en\/wp-json\/wp\/v2\/media\/68"}],"wp:attachment":[{"href":"https:\/\/test.unestalacademy.se\/en\/wp-json\/wp\/v2\/media?parent=1645"}],"wp:term":[{"taxonomy":"product_brand","embeddable":true,"href":"https:\/\/test.unestalacademy.se\/en\/wp-json\/wp\/v2\/product_brand?post=1645"},{"taxonomy":"product_cat","embeddable":true,"href":"https:\/\/test.unestalacademy.se\/en\/wp-json\/wp\/v2\/product_cat?post=1645"},{"taxonomy":"product_tag","embeddable":true,"href":"https:\/\/test.unestalacademy.se\/en\/wp-json\/wp\/v2\/product_tag?post=1645"}],"curies":[{"name":"wp","href":"https:\/\/api.w.org\/{rel}","templated":true}]}}