{"id":1644,"date":"2024-02-28T09:01:19","date_gmt":"2024-02-28T07:01:19","guid":{"rendered":"https:\/\/test.unestalacademy.se\/product\/divine-det-gyllene-rummet\/"},"modified":"2026-01-07T07:21:16","modified_gmt":"2026-01-07T05:21:16","slug":"divine-det-gyllene-rummet","status":"publish","type":"product","link":"https:\/\/test.unestalacademy.se\/en\/product\/divine-det-gyllene-rummet\/","title":{"rendered":"Divine: The Golden Room"},"content":{"rendered":"<p>&nbsp;<\/p>\n<p class=\"MsoNormal\" style=\"margin: 0cm 0cm 10pt;\"><strong><span style=\"line-height: 115%; font-size: 14pt;\"><span style=\"font-family: Calibri;\">DIVINE<\/span><\/span><\/strong><\/p>\n<p class=\"MsoNormal\" style=\"margin: 0cm 0cm 10pt;\"><span style=\"font-size: small;\"><span style=\"font-family: Calibri;\">Despite having existed and been used for thousands of years, the golden ratio, or \u201dthe golden section,\u201d has been an unknown concept to most people. When they learn that nature and the human body are largely built around the ratio of 1 to 1.618, most people initially believe that it cannot be true. After seeing a large number of convincing examples, their doubt is replaced by strong surprise and fascination. It is also worth mentioning that L. Fibonacci, who lived and worked during the Middle Ages, discovered a simple number sequence that forms the basis of a fascinating mathematical connection with the golden ratio.<\/span><\/span><\/p>\n<p class=\"MsoNormal\" style=\"margin: 0cm 0cm 10pt;\"><strong><span style=\"font-size: small;\"><span style=\"font-family: Calibri;\">Background<\/span><\/span><\/strong><\/p>\n<p class=\"MsoNormal\" style=\"margin: 0cm 0cm 10pt;\"><span style=\"font-size: small;\"><span style=\"font-family: Calibri;\">In 1990, I started a project with a Russian research team to investigate \u201dmental training\u201d (\u201dMental Training for Sport and Life\u201d). In addition to investigating the effects of mental training on various areas of life, the project also included investigating how the brain functioned in the alternative state of consciousness or self-hypnotic state that arises when an \u201dInner Mental Room\u201d (IMR) is created in basic mental training. We found that the mental room brought about a radical change in the brain's functioning, both quantitatively and qualitatively. The quantitative changes were reflected in changes in the relationships between different EEG stages. When we examined these relationships in the IMR more closely, we were surprised to find that the ratios between the different EEG frequencies reflected the golden ratio (Delta\/Theta 13.1\/8.2, Theta\/Alpha 8.2\/5.2, Alpha\/Beta 1 5.2\/3.2 and Beta 1\/Beta 2 3.2\/2.0). Qualitatively, we found that the brain began to function as a whole by distributing activity evenly to different parts of the brain (B). However, there were two exceptions: a central point (A) with higher activity and two small areas on the sides with lower activity (C). When the relationships between these were calculated, the golden ratio was once again evident.<\/span><\/span><\/p>\n<p class=\"MsoNormal\" style=\"margin: 0cm 0cm 10pt;\"><strong><span style=\"font-size: small;\"><span style=\"font-family: Calibri;\">The harmonious brain<\/span><\/span><\/strong><\/p>\n<p class=\"MsoNormal\" style=\"margin: 0cm 0cm 10pt;\"><span style=\"font-size: small;\"><span style=\"font-family: Calibri;\">Since this \u201ddivine ratio\u201d has throughout history represented beauty and harmony in existence, we have begun to refer to the \u201dIMR brain\u201d as the \u201dharmonious brain,\u201d a state in which information pathways and mental processes (thoughts, inner images, feelings) change character in a positive direction.<\/span><\/span><\/p>\n<p class=\"MsoNormal\" style=\"margin: 0cm 0cm 10pt;\"><span style=\"font-size: small;\"><span style=\"font-family: Calibri;\">\u201dSection divine\u201d in music<\/span><\/span><\/p>\n<p class=\"MsoNormal\" style=\"margin: 0cm 0cm 10pt;\"><span style=\"font-family: Calibri; font-size: small;\">Among the artists who have used the Golden Ratio (according to the bestseller \u201dThe Da Vinci Code\u201d) are also musicians (Mozart, Bach, Bartok, etc.). However, the books that mention this do not explain how the ratio is reflected in music. I therefore asked two musicians, Tommy Kas\u00e5 and Tommy Gunnarsson, to compose a \u201dsection divine\u201d piece of music that would reflect this ratio in terms of tempo, form and content. We are delighted to present a year's work of analysis, mathematical calculations and musical creativity on this CD. The music is available both separately and as background to the introduction to the mental space that I have included. <\/span><\/p>\n<p>&nbsp;<\/p>\n<p>&nbsp;<\/p>","protected":false},"excerpt":{"rendered":"<p>&nbsp; DIVINE Section divine, Golden ration eller p\u00e5 svenska \u201dDet gyllene snittet\u201d har trots att det funnits och anv\u00e4nts i tusentals \u00e5r varit ett ok\u00e4nt begrepp f\u00f6r flertalet m\u00e4nniskor. N\u00e4r man f\u00e5r reda p\u00e5 att naturen och m\u00e4nniskokroppen till stor del \u00e4r uppbyggd kring kvoten 1 till 1.618, s\u00e5 tror de flesta f\u00f6rst att det [&hellip;]<\/p>\n","protected":false},"featured_media":66,"template":"","meta":{"slim_seo":{"title":"Divine: Det gyllene rummet - Mental Tr\u00e4ning - Unest\u00e5l","description":"&nbsp; DIVINE Section divine, Golden ration eller p\u00e5 svenska \u201dDet gyllene snittet\u201d har trots att det funnits och anv\u00e4nts i tusentals \u00e5r varit ett ok\u00e4nt begrepp"},"iawp_total_views":166},"product_brand":[],"product_cat":[86],"product_tag":[],"class_list":{"0":"post-1644","1":"product","2":"type-product","3":"status-publish","4":"has-post-thumbnail","6":"product_cat-personlig-utveckling","8":"first","9":"instock","10":"downloadable","11":"taxable","12":"shipping-taxable","13":"purchasable","14":"product-type-simple"},"_links":{"self":[{"href":"https:\/\/test.unestalacademy.se\/en\/wp-json\/wp\/v2\/product\/1644","targetHints":{"allow":["GET"]}}],"collection":[{"href":"https:\/\/test.unestalacademy.se\/en\/wp-json\/wp\/v2\/product"}],"about":[{"href":"https:\/\/test.unestalacademy.se\/en\/wp-json\/wp\/v2\/types\/product"}],"wp:featuredmedia":[{"embeddable":true,"href":"https:\/\/test.unestalacademy.se\/en\/wp-json\/wp\/v2\/media\/66"}],"wp:attachment":[{"href":"https:\/\/test.unestalacademy.se\/en\/wp-json\/wp\/v2\/media?parent=1644"}],"wp:term":[{"taxonomy":"product_brand","embeddable":true,"href":"https:\/\/test.unestalacademy.se\/en\/wp-json\/wp\/v2\/product_brand?post=1644"},{"taxonomy":"product_cat","embeddable":true,"href":"https:\/\/test.unestalacademy.se\/en\/wp-json\/wp\/v2\/product_cat?post=1644"},{"taxonomy":"product_tag","embeddable":true,"href":"https:\/\/test.unestalacademy.se\/en\/wp-json\/wp\/v2\/product_tag?post=1644"}],"curies":[{"name":"wp","href":"https:\/\/api.w.org\/{rel}","templated":true}]}}