{"id":255,"date":"2023-05-23T08:33:23","date_gmt":"2023-05-23T06:33:23","guid":{"rendered":"https:\/\/unestal.devmats.net\/?page_id=255"},"modified":"2026-01-05T13:42:45","modified_gmt":"2026-01-05T11:42:45","slug":"appar","status":"publish","type":"page","link":"https:\/\/test.unestalacademy.se\/en\/appar\/","title":{"rendered":"Apps"},"content":{"rendered":"<section class=\"bde-section-255-100 bde-section\">\n  \n  \n\t\n\n\n\n<div class=\"section-container\"><h1 class=\"bde-heading-255-101 bde-heading\">\nMental Training App\n<\/h1><div class=\"bde-rich-text-255-102 bde-rich-text breakdance-rich-text-styles\">\n<p><strong>Your mental coach in app format!<\/strong><\/p><p>This is the app for you if you want to develop your inner and outer leadership. The app offers a variety of mental training programmes for different areas of life, such as stress management, muscle relaxation, goal programming, good sleep, and more. It provides powerful tools for your personal development, enabling you to feel and perform at your best, achieve your goals, and create harmony and balance based on your own circumstances.<\/p><p>Mental training is a systematic, long-term and scientifically proven method developed by Dr Lars-Eric Unest\u00e5l since the 1960s and continuing to this day. The method is based on the principle that mental training can improve performance in sports, work and other areas of life.<\/p><p>That's why you know that the programmes in the app have passed our quality control to give you the best possible results when you train with programmes created with the Unest\u00e5ls brand.<\/p><p>The app also includes many bonus programmes that you can download free of charge. These programmes are our gift to you, to help you feel and perform your best.<\/p><p>By Unest\u00e5l is the original \u2013 and that means you, the listener, can rest assured that we work with science and proven experience.<\/p><p>Good luck with your mental training by Unest\u00e5l!<\/p><p><\/p><p><strong>Download the app here.<\/strong><\/p>\n<\/div><div class=\"bde-columns-255-104 bde-columns\"><div class=\"bde-column-255-105 bde-column\">\n  \n  \n\t\n\n\n\n<div class=\"bde-image-255-107 bde-image\">\n<figure class=\"breakdance-image breakdance-image--1398\">\n\t<div class=\"breakdance-image-container\">\n\t\t<div class=\"breakdance-image-clip\"><a class=\"breakdance-image-link breakdance-image-link--url\" href=\"https:\/\/apps.apple.com\/se\/app\/mental-tr%C3%A4ning\/id1184875849\" target=\"_blank\" rel=\"noopener\" data-sub-html=\"\" data-lg-size=\"-\"><img loading=\"lazy\" decoding=\"async\" class=\"breakdance-image-object\" src=\"https:\/\/test.unestalacademy.se\/wp-content\/uploads\/2023\/10\/Download_on_the_App_Store_Badge_SE_135x40-768x227-1.png\" width=\"768\" height=\"227\" srcset=\"https:\/\/test.unestalacademy.se\/wp-content\/uploads\/2023\/10\/Download_on_the_App_Store_Badge_SE_135x40-768x227-1.png 768w, https:\/\/test.unestalacademy.se\/wp-content\/uploads\/2023\/10\/Download_on_the_App_Store_Badge_SE_135x40-768x227-1-300x89.png 300w, https:\/\/test.unestalacademy.se\/wp-content\/uploads\/2023\/10\/Download_on_the_App_Store_Badge_SE_135x40-768x227-1-600x177.png 600w\" sizes=\"auto, (max-width: 768px) 100vw, 768px\"><\/a><\/div>\n\t<\/div><\/figure>\n\n<\/div>\n<\/div><div class=\"bde-column-255-106 bde-column\">\n  \n  \n\t\n\n\n\n<div class=\"bde-image-255-108 bde-image\">\n<figure class=\"breakdance-image breakdance-image--1400\">\n\t<div class=\"breakdance-image-container\">\n\t\t<div class=\"breakdance-image-clip\"><a class=\"breakdance-image-link breakdance-image-link--url\" href=\"https:\/\/play.google.com\/store\/apps\/details?id=com.slh.mental.training\" target=\"_blank\" rel=\"noopener\" data-sub-html=\"\" data-lg-size=\"-\"><img loading=\"lazy\" decoding=\"async\" class=\"breakdance-image-object\" src=\"https:\/\/test.unestalacademy.se\/wp-content\/uploads\/2023\/10\/Google-play.jpg\" width=\"354\" height=\"105\" srcset=\"https:\/\/test.unestalacademy.se\/wp-content\/uploads\/2023\/10\/Google-play.jpg 354w, https:\/\/test.unestalacademy.se\/wp-content\/uploads\/2023\/10\/Google-play-300x89.jpg 300w\" sizes=\"auto, (max-width: 354px) 100vw, 354px\"><\/a><\/div>\n\t<\/div><\/figure>\n\n<\/div>\n<\/div><\/div><\/div>\n<\/section>","protected":false},"excerpt":{"rendered":"<p>Mental Tr\u00e4ningsapp Din mentala tr\u00e4nare i appformat!Det h\u00e4r \u00e4r appen f\u00f6r dig som vill utveckla ditt inre och yttre ledarskap. I appen hittar du en m\u00e4ngd olika mentala tr\u00e4ningsprogram f\u00f6r olika omr\u00e5den i livet, t ex stresshantering, muskul\u00e4r avsp\u00e4nning, m\u00e5lprogrammering, god s\u00f6mn mm. H\u00e4r finns kraftfulla verktyg f\u00f6r din personliga utveckling som ger dig f\u00f6ruts\u00e4ttningar [&hellip;]<\/p>\n","protected":false},"author":1,"featured_media":0,"parent":0,"menu_order":0,"comment_status":"closed","ping_status":"closed","template":"","meta":{"slim_seo":{"title":"Appar - Mental Tr\u00e4ning - Unest\u00e5l","description":"Mental Tr\u00e4ningsapp Din mentala tr\u00e4nare i appformat! Det h\u00e4r \u00e4r appen f\u00f6r dig som vill utveckla ditt inre och yttre ledarskap. I appen hittar du en m\u00e4ngd olika m"},"_breakdance_hide_in_design_set":false,"_breakdance_tags":"","iawp_total_views":2188,"footnotes":""},"class_list":["post-255","page","type-page","status-publish","hentry"],"_links":{"self":[{"href":"https:\/\/test.unestalacademy.se\/en\/wp-json\/wp\/v2\/pages\/255","targetHints":{"allow":["GET"]}}],"collection":[{"href":"https:\/\/test.unestalacademy.se\/en\/wp-json\/wp\/v2\/pages"}],"about":[{"href":"https:\/\/test.unestalacademy.se\/en\/wp-json\/wp\/v2\/types\/page"}],"author":[{"embeddable":true,"href":"https:\/\/test.unestalacademy.se\/en\/wp-json\/wp\/v2\/users\/1"}],"replies":[{"embeddable":true,"href":"https:\/\/test.unestalacademy.se\/en\/wp-json\/wp\/v2\/comments?post=255"}],"version-history":[{"count":12,"href":"https:\/\/test.unestalacademy.se\/en\/wp-json\/wp\/v2\/pages\/255\/revisions"}],"predecessor-version":[{"id":5747,"href":"https:\/\/test.unestalacademy.se\/en\/wp-json\/wp\/v2\/pages\/255\/revisions\/5747"}],"wp:attachment":[{"href":"https:\/\/test.unestalacademy.se\/en\/wp-json\/wp\/v2\/media?parent=255"}],"curies":[{"name":"wp","href":"https:\/\/api.w.org\/{rel}","templated":true}]}}