{"id":1968,"date":"2024-05-12T21:07:34","date_gmt":"2024-05-12T19:07:34","guid":{"rendered":"https:\/\/test.unestalacademy.se\/?page_id=1968"},"modified":"2024-08-12T19:09:18","modified_gmt":"2024-08-12T17:09:18","slug":"allmanna-villkor","status":"publish","type":"page","link":"https:\/\/test.unestalacademy.se\/en\/allmanna-villkor\/","title":{"rendered":"General Terms and Conditions"},"content":{"rendered":"<section class=\"bde-section-1968-100 bde-section\">\n  \n  \n\t\n\n\n\n<div class=\"section-container\"><h1 class=\"bde-heading-1968-104 bde-heading\">\nGeneral terms and conditions for online courses at mentaltr\u00e4ning.nu\n<\/h1><div class=\"bde-rich-text-1968-101 bde-rich-text breakdance-rich-text-styles\">\n<p class=\"p2\"><b>1. General<\/b><br \/>This agreement (the \u201dAgreement\u201d) applies to online courses sold on mentaltr\u00e4ning.nu by Unestal Education AB (556767-3347). Unest\u00e5l Education AB offers its customers (the \u201dCustomer\u201d) online training courses in mental training on the website www.mentaltr\u00e4ning.nu. The Agreement is signed when the Customer ticks the box for the general terms and conditions on the website and purchases a training programme\/course. Unest\u00e5l Education AB reserves the right to amend this Agreement. Unest\u00e5l Education AB will notify the Customer of any amendments to the Agreement by posting them on the website or in another appropriate manner. A new or amended version of this Agreement shall take effect from the date on which the amendment was posted on the website.\u00a0<br \/><br \/><b>2. Fees and payment<\/b>\u00a0<br \/>When the Customer purchases a course\/programme, the Customer simultaneously pays the price stated on the website using the payment solution provided.\u00a0<br \/><br \/><b>3. Joining a course<\/b><br \/>Once the Customer has registered and paid for the course, they will receive an invitation to the course via the Unest\u00e5l Education platform.<br \/><br \/><b>4. Responsibility for courses<\/b><br \/>Unest\u00e5l Education AB shall provide the Customer with access to the material and services specified on the Website for the respective programme\/course. Unest\u00e5l Education AB is responsible for ensuring that the quality of sound and any images is good, but cannot be held responsible for the playback quality locally at the participants' premises. <br \/><br \/><b>5. Medical responsibility<\/b>r<br \/>The courses offered on the Website are only intended to help the Customer lead a healthy and active life. Unest\u00e5l Education AB is not a medical organisation and its staff cannot provide the Customer with medical advice or make diagnoses, and none of the material on the Website and\/or provided in the groups shall be considered to constitute such advice or diagnoses. Information and advice provided by Unest\u00e5l Education AB should not be used as a substitute for consultation, evaluation or treatment by a doctor. Unest\u00e5l Education AB accepts no responsibility for any form of damage that may be a direct or indirect result of the use or misuse of information contained in or referred to in the courses.\u00a0<br \/><br \/><b>6. Copyright<\/b><br \/>The customer understands that the Website and all material made available by Unest\u00e5l Education AB in connection with the provision of the programmes contains material owned by Unest\u00e5l Education AB, and that this material is protected by intellectual property rights through copyright, database rights, patent rights, trademark rights and\/or other proprietary rights. <br \/><br \/><b>7. Right of withdrawal<\/b><br \/>Becoming a customer of Unest\u00e5l Education AB means that you, as a customer, should feel confident about your purchase. As a private customer, you have the right to a 14-day cooling-off period. Your cooling-off period begins when you receive your booking confirmation for a programme. To exercise your right of withdrawal, please contact us within 14 days. Refunds\/credits are always made to the original payment method, which normally takes place within 10 working days of us receiving your request to exercise your right of withdrawal.\u00a0<br \/><br \/><b>8. Processing of personal data<\/b><br \/>The customer is responsible for providing accurate information about themselves. The information you provide will be treated confidentially. When you, as a customer, purchase one of our programmes, the information you provide is recorded in our customer register. Personal identification numbers are not recorded. The customer agrees that Unest\u00e5l Education AB may use the information provided by the customer for relevant information and offers from Unest\u00e5l Education AB. Personal data is not disclosed to third parties and is handled in accordance with the General Data Protection Regulation (GDPR). You do not need to do anything. <br \/><br \/><b>9. Accessibility programme<\/b><br \/>Access to a purchased programme is lifetime. <b><br \/><br \/><\/b><br \/><b>10. Choice of law and disputes<\/b><br \/>Swedish law shall apply to this agreement and any dispute shall be settled by a Swedish court of law.\u00a0<\/p>\n<\/div><h1 class=\"bde-heading-1968-103 bde-heading\">\nAbout us\n<\/h1><\/div>\n<\/section>","protected":false},"excerpt":{"rendered":"<p>Allm\u00e4nna villkor f\u00f6r onlinekurser p\u00e5 mentaltr\u00e4ning.nu 1. Allm\u00e4ntDetta avtal (\u201dAvtalet\u201d) g\u00e4ller f\u00f6r onlinekurser som s\u00e4ljs p\u00e5 mentaltr\u00e4ning.nu av Unestal Education AB (556767-3347). Unest\u00e5l Education AB erbjuder sina kunder (\u201dKunden\u201d) onlineutbildningar inom mental tr\u00e4ning p\u00e5 hemsidan www.mentaltr\u00e4ning.nu. Avtal tecknas genom att Kunden p\u00e5 hemsidan fyller i kryssrutan vid allm\u00e4nna villkor och k\u00f6per ett tr\u00e4ningsprogram\/kurs. Unest\u00e5l Education [&hellip;]<\/p>\n","protected":false},"author":1,"featured_media":0,"parent":0,"menu_order":0,"comment_status":"closed","ping_status":"closed","template":"","meta":{"slim_seo":{"title":"Allm\u00e4nna Villkor - Mental Tr\u00e4ning - Unest\u00e5l","description":"Allm\u00e4nna villkor f\u00f6r onlinekurser p\u00e5 mentaltr\u00e4ning.nu 1. Allm\u00e4nt Detta avtal (\u201dAvtalet\u201d) g\u00e4ller f\u00f6r onlinekurser som s\u00e4ljs p\u00e5 mentaltr\u00e4ning.nu av Unestal Educat"},"_breakdance_hide_in_design_set":false,"_breakdance_tags":"","iawp_total_views":636,"footnotes":""},"class_list":["post-1968","page","type-page","status-publish","hentry"],"_links":{"self":[{"href":"https:\/\/test.unestalacademy.se\/en\/wp-json\/wp\/v2\/pages\/1968","targetHints":{"allow":["GET"]}}],"collection":[{"href":"https:\/\/test.unestalacademy.se\/en\/wp-json\/wp\/v2\/pages"}],"about":[{"href":"https:\/\/test.unestalacademy.se\/en\/wp-json\/wp\/v2\/types\/page"}],"author":[{"embeddable":true,"href":"https:\/\/test.unestalacademy.se\/en\/wp-json\/wp\/v2\/users\/1"}],"replies":[{"embeddable":true,"href":"https:\/\/test.unestalacademy.se\/en\/wp-json\/wp\/v2\/comments?post=1968"}],"version-history":[{"count":3,"href":"https:\/\/test.unestalacademy.se\/en\/wp-json\/wp\/v2\/pages\/1968\/revisions"}],"predecessor-version":[{"id":2444,"href":"https:\/\/test.unestalacademy.se\/en\/wp-json\/wp\/v2\/pages\/1968\/revisions\/2444"}],"wp:attachment":[{"href":"https:\/\/test.unestalacademy.se\/en\/wp-json\/wp\/v2\/media?parent=1968"}],"curies":[{"name":"wp","href":"https:\/\/api.w.org\/{rel}","templated":true}]}}