{"id":1935,"date":"2024-04-08T08:01:51","date_gmt":"2024-04-08T06:01:51","guid":{"rendered":"https:\/\/test.unestalacademy.se\/?page_id=1935"},"modified":"2024-05-12T09:11:37","modified_gmt":"2024-05-12T07:11:37","slug":"registrera-affiliate","status":"publish","type":"page","link":"https:\/\/test.unestalacademy.se\/en\/registrera-affiliate\/","title":{"rendered":"Register Affiliate"},"content":{"rendered":"<section class=\"bde-section-1935-100 bde-section\">\n  \n  \n\t\n\n\n\n<div class=\"section-container\"><h1 class=\"bde-heading-1935-101 bde-heading\">\nRegister Affiliate\n<\/h1><div class=\"bde-columns-1935-102 bde-columns\"><div class=\"bde-column-1935-103 bde-column\">\n  \n  \n\t\n\n\n\n<div class=\"bde-shortcode-1935-107 bde-shortcode\"><div class='fluentform ff-default fluentform_wrapper_6 ffs_default_wrap'><form data-form_id=\"6\" id=\"fluentform_6\" class=\"frm-fluent-form fluent_form_6 ff-el-form-top ff_form_instance_6_1 ff-form-loading ffs_default\" data-form_instance=\"ff_form_instance_6_1\" method=\"POST\" action=\"\" ><fieldset  style=\"border: none!important;margin: 0!important;padding: 0!important;background-color: transparent!important;box-shadow: none!important;outline: none!important; min-inline-size: 100%;\">\n                    <legend class=\"ff_screen_reader_title\" style=\"display: block; margin: 0!important;padding: 0!important;height: 0!important;text-indent: -999999px;width: 0!important;overflow:hidden;\">Affiliate applications<\/legend><input type='hidden' name='__fluent_form_embded_post_id' value='1935' \/><input type=\"hidden\" id=\"_fluentform_6_fluentformnonce\" name=\"_fluentform_6_fluentformnonce\" value=\"5323e2976e\" \/><input type=\"hidden\" name=\"_wp_http_referer\" value=\"\/en\/wp-json\/wp\/v2\/pages\/1935\" \/><div class='ff-el-group'><div class='ff-el-input--content'><input type=\"text\" name=\"input_text\" class=\"ff-el-form-control\" placeholder=\"Name\" data-name=\"input_text\" id=\"ff_6_input_text\"  aria-invalid=\"false\" aria-required=\"true\"><\/div><\/div><div class='ff-el-group'><div class='ff-el-input--content'><input type=\"text\" name=\"input_text_1\" class=\"ff-el-form-control\" placeholder=\"Mobile\" data-name=\"input_text_1\" id=\"ff_6_input_text_1\"  aria-invalid=\"false\" aria-required=\"true\"><\/div><\/div><div class='ff-el-group'><div class='ff-el-input--content'><input type=\"email\" name=\"email\" id=\"ff_6_email\" class=\"ff-el-form-control\" placeholder=\"Email address\" data-name=\"email\"  aria-invalid=\"false\" aria-required=\"true\"><\/div><\/div><div class='ff-el-group'><div class='ff-el-input--content'><input type=\"text\" name=\"input_text_2\" class=\"ff-el-form-control\" placeholder=\"Organisation number\" data-name=\"input_text_2\" id=\"ff_6_input_text_2\"  aria-invalid=\"false\" aria-required=\"true\"><\/div><\/div><div class='ff-el-group'><div class='ff-el-input--content'><textarea aria-required=\"false\" aria-labelledby=\"label_ff_6_description\" name=\"description\" id=\"ff_6_description\" class=\"ff-el-form-control\" placeholder=\"Announcement\" rows=\"4\" cols=\"2\" data-name=\"description\" ><\/textarea><\/div><\/div><div class='ff-el-group    ff-el-input--content'><div class='ff-el-form-check ff-el-tc'><label aria-label='Terms and Conditions: I have read and accepted the agreement in its entirety, which can be found here! Contains 1 link. Use tab navigation to review.' class='ff-el-form-check-label ff_tc_label' for=\"terms-n-condition_aeb3716333c4d6fd8d17a0ed5868de8a\"><span class='ff_tc_checkbox'><input type=\"checkbox\" name=\"terms-n-condition\" class=\"ff-el-form-check-input\" data-name=\"terms-n-condition\" id=\"terms-n-condition_aeb3716333c4d6fd8d17a0ed5868de8a\"  value='on' aria-invalid='false' aria-required=\"true\"><\/span> <div class='ff_t_c'><p>I have read and approved the agreement in its entirety. <a href=\"https:\/\/test.unestalacademy.se\/wp-content\/uploads\/2024\/05\/Unestal-Education-AB_avtal-affiliate.pdf\" target=\"_blank\" rel=\"noopener\">which can be found here!<\/a><\/p><\/div><\/label><\/div><\/div><div class='ff-el-group ff-text-left ff_submit_btn_wrapper'><button type=\"submit\" class=\"ff-btn ff-btn-submit ff-btn-md ff_btn_style\"  aria-label=\"Apply!\">Apply!<\/button><\/div><\/fieldset><input type=\"hidden\" name=\"trp-form-language\" value=\"en\"\/><\/form><div id='fluentform_6_errors' class='ff-errors-in-stack ff_form_instance_6_1 ff-form-loading_errors ff_form_instance_6_1_errors'><\/div><\/div>            <script type=\"text\/javascript\">\n                window.fluent_form_ff_form_instance_6_1 = {\"id\":\"6\",\"settings\":{\"layout\":{\"labelPlacement\":\"top\",\"helpMessagePlacement\":\"with_label\",\"errorMessagePlacement\":\"inline\",\"cssClassName\":\"\",\"asteriskPlacement\":\"asterisk-right\"},\"restrictions\":{\"denyEmptySubmission\":{\"enabled\":false}}},\"form_instance\":\"ff_form_instance_6_1\",\"form_id_selector\":\"fluentform_6\",\"rules\":{\"input_text\":{\"required\":{\"value\":true,\"message\":\"Detta f\\u00e4lt \\u00e4r obligatoriskt\",\"global_message\":\"Detta f\\u00e4lt \\u00e4r obligatoriskt\",\"global\":true}},\"input_text_1\":{\"required\":{\"value\":true,\"message\":\"Detta f\\u00e4lt \\u00e4r obligatoriskt\",\"global_message\":\"Detta f\\u00e4lt \\u00e4r obligatoriskt\",\"global\":true}},\"email\":{\"required\":{\"value\":true,\"message\":\"Detta f\\u00e4lt \\u00e4r obligatoriskt\",\"global_message\":\"Detta f\\u00e4lt \\u00e4r obligatoriskt\",\"global\":true},\"email\":{\"value\":true,\"message\":\"This field must contain a valid email\",\"global_message\":\"This field must contain a valid email\",\"global\":true}},\"input_text_2\":{\"required\":{\"value\":true,\"message\":\"Detta f\\u00e4lt \\u00e4r obligatoriskt\",\"global_message\":\"Detta f\\u00e4lt \\u00e4r obligatoriskt\",\"global\":true}},\"description\":{\"required\":{\"value\":false,\"message\":\"Detta f\\u00e4lt \\u00e4r obligatoriskt\",\"global_message\":\"Detta f\\u00e4lt \\u00e4r obligatoriskt\",\"global\":true}},\"terms-n-condition\":{\"required\":{\"value\":true,\"message\":\"Detta f\\u00e4lt \\u00e4r obligatoriskt\",\"global_message\":\"Detta f\\u00e4lt \\u00e4r obligatoriskt\",\"global\":true}},\"signature\":{\"required\":{\"value\":false,\"message\":\"This field is required\",\"global\":false,\"global_message\":\"Detta f\\u00e4lt \\u00e4r obligatoriskt\"}}},\"debounce_time\":300};\n                            <\/script>\n            <\/div>\n<\/div><div class=\"bde-column-1935-104 bde-column\">\n  \n  \n\t\n\n\n\n<div class=\"bde-text-1935-105 bde-text\">\nBecoming a mental health affiliate can be a powerful way to promote well-being and generate income at the same time. By promoting mental health-related products or services, you can not only help others find resources to improve their wellbeing, but also reap the benefits of being part of this growing industry.<br><br>One of the main benefits of becoming a mental health affiliate is the opportunity it gives you to make a real difference in people's lives. By promoting products and services that promote mental health, such as self-help books, therapy services, mindfulness courses or meditation apps, you can help raise awareness and increase the availability of resources for those who need them. By spreading knowledge and providing tools for self-improvement, you can be a source of inspiration and support for others on their journey towards better mental health.\n<\/div>\n<\/div><\/div><\/div>\n<\/section>","protected":false},"excerpt":{"rendered":"<p>Registrera Affiliate Affiliatesans\u00f6kningar Jag har l\u00e4st och godk\u00e4nt avtalet i sin helhet som finns h\u00e4r!Ans\u00f6k! Att bli en affiliate inom mental h\u00e4lsa kan vara ett kraftfullt s\u00e4tt att b\u00e5de fr\u00e4mja v\u00e4lbefinnande och generera inkomst samtidigt. Genom att marknadsf\u00f6ra produkter eller tj\u00e4nster relaterade till mental h\u00e4lsa kan du inte bara hj\u00e4lpa andra att hitta resurser f\u00f6r [&hellip;]<\/p>\n","protected":false},"author":1,"featured_media":0,"parent":0,"menu_order":0,"comment_status":"closed","ping_status":"closed","template":"","meta":{"slim_seo":{"title":"Registrera Affiliate - Mental Tr\u00e4ning - Unest\u00e5l","description":"Registrera Affiliate Affiliatesans\u00f6kningar Jag har l\u00e4st och godk\u00e4nt avtalet i sin helhet som finns h\u00e4r! Ans\u00f6k! Att bli en affiliate inom mental h\u00e4lsa kan vara e"},"_breakdance_hide_in_design_set":false,"_breakdance_tags":"","iawp_total_views":431,"footnotes":""},"class_list":["post-1935","page","type-page","status-publish","hentry"],"_links":{"self":[{"href":"https:\/\/test.unestalacademy.se\/en\/wp-json\/wp\/v2\/pages\/1935","targetHints":{"allow":["GET"]}}],"collection":[{"href":"https:\/\/test.unestalacademy.se\/en\/wp-json\/wp\/v2\/pages"}],"about":[{"href":"https:\/\/test.unestalacademy.se\/en\/wp-json\/wp\/v2\/types\/page"}],"author":[{"embeddable":true,"href":"https:\/\/test.unestalacademy.se\/en\/wp-json\/wp\/v2\/users\/1"}],"replies":[{"embeddable":true,"href":"https:\/\/test.unestalacademy.se\/en\/wp-json\/wp\/v2\/comments?post=1935"}],"version-history":[{"count":9,"href":"https:\/\/test.unestalacademy.se\/en\/wp-json\/wp\/v2\/pages\/1935\/revisions"}],"predecessor-version":[{"id":1966,"href":"https:\/\/test.unestalacademy.se\/en\/wp-json\/wp\/v2\/pages\/1935\/revisions\/1966"}],"wp:attachment":[{"href":"https:\/\/test.unestalacademy.se\/en\/wp-json\/wp\/v2\/media?parent=1935"}],"curies":[{"name":"wp","href":"https:\/\/api.w.org\/{rel}","templated":true}]}}